{"id":998,"date":"2025-01-29T20:44:57","date_gmt":"2025-01-29T18:44:57","guid":{"rendered":"https:\/\/associationmarinatsvetaeva.com\/?page_id=998"},"modified":"2025-01-29T23:49:26","modified_gmt":"2025-01-29T21:49:26","slug":"gueorgui-efron","status":"publish","type":"page","link":"https:\/\/associationmarinatsvetaeva.com\/?page_id=998","title":{"rendered":"GUEORGUI EFRON (1925-1944)"},"content":{"rendered":"\n<p>N\u00e9 le 1ier 1925 dans le village de Vsenory, non loin de Prague, Gu\u00e9orgui est pour Marina LE fils qu&rsquo;elle r\u00eavait depuis toujours d&rsquo;avoir. Cette naissance vient adoucir le traumatisme de la perte de la petite Irina, morte en 1920. Bient\u00f4t, on appellera plut\u00f4t le petit gar\u00e7on \u00ab\u00a0Murr\u00a0\u00bb en hommage au chat des contes d&rsquo;Hoffmann.<\/p>\n\n\n<div class=\"wp-block-image\">\n<figure class=\"aligncenter size-full\"><img loading=\"lazy\" decoding=\"async\" width=\"700\" height=\"467\" src=\"https:\/\/associationmarinatsvetaeva.com\/wp-content\/uploads\/2025\/01\/0065.jpg\" alt=\"\" class=\"wp-image-999\" srcset=\"https:\/\/associationmarinatsvetaeva.com\/wp-content\/uploads\/2025\/01\/0065.jpg 700w, https:\/\/associationmarinatsvetaeva.com\/wp-content\/uploads\/2025\/01\/0065-300x200.jpg 300w, https:\/\/associationmarinatsvetaeva.com\/wp-content\/uploads\/2025\/01\/0065-90x60.jpg 90w, https:\/\/associationmarinatsvetaeva.com\/wp-content\/uploads\/2025\/01\/0065-420x280.jpg 420w\" sizes=\"auto, (max-width: 700px) 100vw, 700px\" \/><figcaption class=\"wp-element-caption\">La famille Tsvetaeva-Efron \u00e0 Vsenory (non loin de Prague) en 1925 apr\u00e8s la naissance de Murr. <\/figcaption><\/figure>\n<\/div>\n\n\n<figure class=\"wp-block-pullquote\"><blockquote><p>Mon fils est n\u00e9 un dimanche \u00e0 midi.<br>En langue germanique, c&rsquo;est un Sonntagskind, il comprend le langage des animaux sauvages et des oiseaux, d\u00e9couvre des tr\u00e9sors. La pierre de f\u00e9vrier, c&rsquo;est l&rsquo;am\u00e9thyste.<br>Il est n\u00e9 pendant une temp\u00eate de neige.<br>(lettre de Tsvetaeva \u00e0 Anna Teskova, 2 f\u00e9vrier 1925)<\/p><\/blockquote><\/figure>\n\n\n<div class=\"wp-block-image\">\n<figure class=\"aligncenter size-full\"><img loading=\"lazy\" decoding=\"async\" width=\"700\" height=\"467\" src=\"https:\/\/associationmarinatsvetaeva.com\/wp-content\/uploads\/2025\/01\/0068.jpg\" alt=\"\" class=\"wp-image-1000\" srcset=\"https:\/\/associationmarinatsvetaeva.com\/wp-content\/uploads\/2025\/01\/0068.jpg 700w, https:\/\/associationmarinatsvetaeva.com\/wp-content\/uploads\/2025\/01\/0068-300x200.jpg 300w, https:\/\/associationmarinatsvetaeva.com\/wp-content\/uploads\/2025\/01\/0068-90x60.jpg 90w, https:\/\/associationmarinatsvetaeva.com\/wp-content\/uploads\/2025\/01\/0068-420x280.jpg 420w\" sizes=\"auto, (max-width: 700px) 100vw, 700px\" \/><figcaption class=\"wp-element-caption\">Le petit Murr avec Marina Tsvetaeva et Ariadna. <\/figcaption><\/figure>\n<\/div>\n\n\n<figure class=\"wp-block-image size-full\"><img loading=\"lazy\" decoding=\"async\" width=\"700\" height=\"467\" src=\"https:\/\/associationmarinatsvetaeva.com\/wp-content\/uploads\/2025\/01\/0069\u0444.jpg\" alt=\"\" class=\"wp-image-1009\" srcset=\"https:\/\/associationmarinatsvetaeva.com\/wp-content\/uploads\/2025\/01\/0069\u0444.jpg 700w, https:\/\/associationmarinatsvetaeva.com\/wp-content\/uploads\/2025\/01\/0069\u0444-300x200.jpg 300w, https:\/\/associationmarinatsvetaeva.com\/wp-content\/uploads\/2025\/01\/0069\u0444-90x60.jpg 90w, https:\/\/associationmarinatsvetaeva.com\/wp-content\/uploads\/2025\/01\/0069\u0444-420x280.jpg 420w\" sizes=\"auto, (max-width: 700px) 100vw, 700px\" \/><figcaption class=\"wp-element-caption\">Murr et Marina en promenade dans la for\u00eat de Meudon, au sud de Paris<\/figcaption><\/figure>\n\n\n<div class=\"wp-block-image\">\n<figure class=\"aligncenter size-full\"><img loading=\"lazy\" decoding=\"async\" width=\"383\" height=\"600\" src=\"https:\/\/associationmarinatsvetaeva.com\/wp-content\/uploads\/2025\/01\/C_EFRON_Journal-383x600-1.jpg\" alt=\"\" class=\"wp-image-1006\" srcset=\"https:\/\/associationmarinatsvetaeva.com\/wp-content\/uploads\/2025\/01\/C_EFRON_Journal-383x600-1.jpg 383w, https:\/\/associationmarinatsvetaeva.com\/wp-content\/uploads\/2025\/01\/C_EFRON_Journal-383x600-1-192x300.jpg 192w, https:\/\/associationmarinatsvetaeva.com\/wp-content\/uploads\/2025\/01\/C_EFRON_Journal-383x600-1-38x60.jpg 38w\" sizes=\"auto, (max-width: 383px) 100vw, 383px\" \/><figcaption class=\"wp-element-caption\">Pour d\u00e9couvrir ce personnage \u00e9tonnant et attachant , \u00e0 la destin\u00e9e elle-aussi tragique !<\/figcaption><\/figure>\n<\/div>\n\n\n<p>En 1939, Tsvetaeva et Murr partent en URSS. Fa\u00e7onn\u00e9 par les id\u00e9es politiques de son p\u00e8re, le gar\u00e7on croit en un avenir radieux. La r\u00e9alit\u00e9 sera diff\u00e9rente, m\u00eame si son optimisme restera intact.<\/p>\n\n\n\n<figure class=\"wp-block-pullquote\"><blockquote><p>\u00ab\u00a0C\u2019est bizarre\u00a0: les gens vivent en Union sovi\u00e9tique sans une once de sovi\u00e9tisme. Ils chantent des choses vulgaires. Ils n\u2019ont pas la moindre id\u00e9e du marxisme.\u00a0\u00bb (12 mars 1940)<\/p><\/blockquote><\/figure>\n\n\n\n<figure class=\"wp-block-image size-large\"><img loading=\"lazy\" decoding=\"async\" width=\"758\" height=\"1024\" src=\"https:\/\/associationmarinatsvetaeva.com\/wp-content\/uploads\/2025\/01\/Murr-1942-758x1024.jpg\" alt=\"\" class=\"wp-image-1015\" style=\"aspect-ratio:3\/4;object-fit:cover\" srcset=\"https:\/\/associationmarinatsvetaeva.com\/wp-content\/uploads\/2025\/01\/Murr-1942-758x1024.jpg 758w, https:\/\/associationmarinatsvetaeva.com\/wp-content\/uploads\/2025\/01\/Murr-1942-222x300.jpg 222w, https:\/\/associationmarinatsvetaeva.com\/wp-content\/uploads\/2025\/01\/Murr-1942-768x1038.jpg 768w, https:\/\/associationmarinatsvetaeva.com\/wp-content\/uploads\/2025\/01\/Murr-1942-44x60.jpg 44w, https:\/\/associationmarinatsvetaeva.com\/wp-content\/uploads\/2025\/01\/Murr-1942.jpg 982w\" sizes=\"auto, (max-width: 758px) 100vw, 758px\" \/><\/figure>\n\n\n\n<figure class=\"wp-block-pullquote\"><blockquote><p>\u00ab\u00a0Qu\u2019ai-je appris depuis que je vis en URSS\u00a0? J\u2019ai appris \u00e0 vivre au jour le jour sans penser \u00e0 l\u2019avenir, puisque cet avenir ne d\u00e9pend absolument pas de moi\u00a0\u00bb (1 avril 1940)<\/p><\/blockquote><\/figure>\n\n\n<div class=\"wp-block-image\">\n<figure class=\"aligncenter size-full\"><img loading=\"lazy\" decoding=\"async\" width=\"600\" height=\"695\" src=\"https:\/\/associationmarinatsvetaeva.com\/wp-content\/uploads\/2025\/01\/Mour-Efron.jpg\" alt=\"\" class=\"wp-image-1016\" srcset=\"https:\/\/associationmarinatsvetaeva.com\/wp-content\/uploads\/2025\/01\/Mour-Efron.jpg 600w, https:\/\/associationmarinatsvetaeva.com\/wp-content\/uploads\/2025\/01\/Mour-Efron-259x300.jpg 259w, https:\/\/associationmarinatsvetaeva.com\/wp-content\/uploads\/2025\/01\/Mour-Efron-52x60.jpg 52w\" sizes=\"auto, (max-width: 600px) 100vw, 600px\" \/><figcaption class=\"wp-element-caption\">Murr petit et son p\u00e8re, Serge Efron. Serge Efron, faussement accus\u00e9 d&rsquo;\u00eatre un espion fran\u00e7ais est assassin\u00e9 par le NKVD en l&rsquo;URSS en octobre 1941. Murr s&rsquo;engage quelques ann\u00e9es plus tard dans l&rsquo;arm\u00e9e rouge et est tu\u00e9 en Bi\u00e9lorussie en juillet 1944. <\/figcaption><\/figure>\n<\/div>\n\n\n<figure class=\"wp-block-pullquote\"><blockquote><p>\u00ab\u00a0Mon grand privil\u00e8ge, c\u2019est qu\u2019il me reste beaucoup de temps \u00e0 vivre, la vie est devant moi avec ses secrets, j\u2019ai le temps de d\u00e9couvrir et d\u2019admirer beaucoup de choses int\u00e9ressantes, j\u2019ai de grandes \u00ab\u00a0r\u00e9serves\u00a0\u00bb\u00a0\u00bb. (29 mai 1940)<\/p><\/blockquote><\/figure>\n","protected":false},"excerpt":{"rendered":"<p>N\u00e9 le 1ier 1925 dans le village de Vsenory, non loin de Prague, Gu\u00e9orgui est pour Marina LE fils qu&rsquo;elle r\u00eavait depuis toujours d&rsquo;avoir. Cette &hellip; <\/p>\n","protected":false},"author":1,"featured_media":0,"parent":0,"menu_order":0,"comment_status":"closed","ping_status":"closed","template":"","meta":{"om_disable_all_campaigns":false,"_monsterinsights_skip_tracking":false,"_monsterinsights_sitenote_active":false,"_monsterinsights_sitenote_note":"","_monsterinsights_sitenote_category":0,"footnotes":""},"class_list":["post-998","page","type-page","status-publish","hentry","latest_post"],"_links":{"self":[{"href":"https:\/\/associationmarinatsvetaeva.com\/index.php?rest_route=\/wp\/v2\/pages\/998","targetHints":{"allow":["GET"]}}],"collection":[{"href":"https:\/\/associationmarinatsvetaeva.com\/index.php?rest_route=\/wp\/v2\/pages"}],"about":[{"href":"https:\/\/associationmarinatsvetaeva.com\/index.php?rest_route=\/wp\/v2\/types\/page"}],"author":[{"embeddable":true,"href":"https:\/\/associationmarinatsvetaeva.com\/index.php?rest_route=\/wp\/v2\/users\/1"}],"replies":[{"embeddable":true,"href":"https:\/\/associationmarinatsvetaeva.com\/index.php?rest_route=%2Fwp%2Fv2%2Fcomments&post=998"}],"version-history":[{"count":5,"href":"https:\/\/associationmarinatsvetaeva.com\/index.php?rest_route=\/wp\/v2\/pages\/998\/revisions"}],"predecessor-version":[{"id":1018,"href":"https:\/\/associationmarinatsvetaeva.com\/index.php?rest_route=\/wp\/v2\/pages\/998\/revisions\/1018"}],"wp:attachment":[{"href":"https:\/\/associationmarinatsvetaeva.com\/index.php?rest_route=%2Fwp%2Fv2%2Fmedia&parent=998"}],"curies":[{"name":"wp","href":"https:\/\/api.w.org\/{rel}","templated":true}]}}