{"id":775,"date":"2022-06-29T13:10:45","date_gmt":"2022-06-29T11:10:45","guid":{"rendered":"https:\/\/associationmarinatsvetaeva.com\/?page_id=775"},"modified":"2025-01-30T00:34:05","modified_gmt":"2025-01-29T22:34:05","slug":"georges-artemoff-1892-1965","status":"publish","type":"page","link":"https:\/\/associationmarinatsvetaeva.com\/?page_id=775","title":{"rendered":"GEORGES ARTEMOFF (1892-1965)"},"content":{"rendered":"\n<p>Marina disait de lui qu&rsquo;il \u00e9tait le meilleur sculpteur sur bois qu&rsquo;elle ait jamais vu ! Cosaque du Don, ARTEMOFF, apr\u00e8s une enfance \u00e0 Rostov, entre \u00e0 l&rsquo;Ecole des Beaux-Arts de Moscou dans la classe de Constantin KOROVINE. Il obtient bient\u00f4t une bourse qui lui permet de continuer son apprentissage \u00e0 Paris, o\u00f9 il c\u00f4toie les peintres d&rsquo;avant-garde. En 1914, il s&rsquo;engage au c\u00f4t\u00e9 de la France et part au front. Il est bless\u00e9 en f\u00e9vrier 1915 en Champagne, \u00e0 Prunay. De retour en Russie en 1917, il s&rsquo;engage, pendant la guerre civile, contre les Bolcheviques. Suite \u00e0 la d\u00e9faite, il se retrouve \u00e0 Constantinople, o\u00f9 il s\u00e9journe deux ans.<\/p>\n\n\n\n<figure class=\"wp-block-image size-large\"><img loading=\"lazy\" decoding=\"async\" width=\"1024\" height=\"576\" src=\"https:\/\/associationmarinatsvetaeva.com\/wp-content\/uploads\/2022\/06\/GEORGES-ARTEMOFF-site-1024x576.jpg\" alt=\"\" class=\"wp-image-778\" srcset=\"https:\/\/associationmarinatsvetaeva.com\/wp-content\/uploads\/2022\/06\/GEORGES-ARTEMOFF-site-1024x576.jpg 1024w, https:\/\/associationmarinatsvetaeva.com\/wp-content\/uploads\/2022\/06\/GEORGES-ARTEMOFF-site-300x169.jpg 300w, https:\/\/associationmarinatsvetaeva.com\/wp-content\/uploads\/2022\/06\/GEORGES-ARTEMOFF-site-768x432.jpg 768w, https:\/\/associationmarinatsvetaeva.com\/wp-content\/uploads\/2022\/06\/GEORGES-ARTEMOFF-site-107x60.jpg 107w, https:\/\/associationmarinatsvetaeva.com\/wp-content\/uploads\/2022\/06\/GEORGES-ARTEMOFF-site-840x473.jpg 840w, https:\/\/associationmarinatsvetaeva.com\/wp-content\/uploads\/2022\/06\/GEORGES-ARTEMOFF-site.jpg 1280w\" sizes=\"auto, (max-width: 1024px) 100vw, 1024px\" \/><\/figure>\n\n\n\n<p>C&rsquo;est \u00e0 Constantinople qu&rsquo;il rencontre Lydia NICONOROVA, une jeune peintre russe, dont il tombe amoureux. En 1923, Artemoff d\u00e9cide de retourner \u00e0 Paris. Il vit alors Cit\u00e9 Falgui\u00e8re (Paris XV).<\/p>\n\n\n<div class=\"wp-block-image is-resized\">\n<figure class=\"aligncenter size-large\"><img loading=\"lazy\" decoding=\"async\" width=\"812\" height=\"1024\" src=\"https:\/\/associationmarinatsvetaeva.com\/wp-content\/uploads\/2022\/06\/PORTRAIT-LYDIA-NICANOROVA-812x1024.jpg\" alt=\"\" class=\"wp-image-776\" srcset=\"https:\/\/associationmarinatsvetaeva.com\/wp-content\/uploads\/2022\/06\/PORTRAIT-LYDIA-NICANOROVA-812x1024.jpg 812w, https:\/\/associationmarinatsvetaeva.com\/wp-content\/uploads\/2022\/06\/PORTRAIT-LYDIA-NICANOROVA-238x300.jpg 238w, https:\/\/associationmarinatsvetaeva.com\/wp-content\/uploads\/2022\/06\/PORTRAIT-LYDIA-NICANOROVA-768x969.jpg 768w, https:\/\/associationmarinatsvetaeva.com\/wp-content\/uploads\/2022\/06\/PORTRAIT-LYDIA-NICANOROVA-1218x1536.jpg 1218w, https:\/\/associationmarinatsvetaeva.com\/wp-content\/uploads\/2022\/06\/PORTRAIT-LYDIA-NICANOROVA-48x60.jpg 48w, https:\/\/associationmarinatsvetaeva.com\/wp-content\/uploads\/2022\/06\/PORTRAIT-LYDIA-NICANOROVA.jpg 1499w\" sizes=\"auto, (max-width: 812px) 100vw, 812px\" \/><figcaption class=\"wp-element-caption\">Portrait de Lydia Nicanorova par G. Artemoff, collection priv\u00e9e.<\/figcaption><\/figure>\n<\/div>\n\n\n<p>ARTEMOFF est tr\u00e8s actif. Il participe \u00e0 de nombreux travaux de d\u00e9coration, en particulier pour le nouveau cabaret russe \u00e0 la mode de Montmartre, Le Caveau caucasien, ou pour des films tourn\u00e9s dans les studios Albatros de Montreuil. C&rsquo;est aussi dans les ann\u00e9es 1920 qu&rsquo;il s&rsquo;initie \u00e0 la sculpture sur bois.<\/p>\n\n\n<div class=\"wp-block-image\">\n<figure class=\"aligncenter size-large\"><img loading=\"lazy\" decoding=\"async\" width=\"635\" height=\"1024\" src=\"https:\/\/associationmarinatsvetaeva.com\/wp-content\/uploads\/2025\/01\/20220701_183707-635x1024.jpg\" alt=\"\" class=\"wp-image-1025\" srcset=\"https:\/\/associationmarinatsvetaeva.com\/wp-content\/uploads\/2025\/01\/20220701_183707-635x1024.jpg 635w, https:\/\/associationmarinatsvetaeva.com\/wp-content\/uploads\/2025\/01\/20220701_183707-186x300.jpg 186w, https:\/\/associationmarinatsvetaeva.com\/wp-content\/uploads\/2025\/01\/20220701_183707-768x1238.jpg 768w, https:\/\/associationmarinatsvetaeva.com\/wp-content\/uploads\/2025\/01\/20220701_183707-953x1536.jpg 953w, https:\/\/associationmarinatsvetaeva.com\/wp-content\/uploads\/2025\/01\/20220701_183707-1271x2048.jpg 1271w, https:\/\/associationmarinatsvetaeva.com\/wp-content\/uploads\/2025\/01\/20220701_183707-37x60.jpg 37w, https:\/\/associationmarinatsvetaeva.com\/wp-content\/uploads\/2025\/01\/20220701_183707-scaled.jpg 1588w\" sizes=\"auto, (max-width: 635px) 100vw, 635px\" \/><\/figure>\n<\/div>\n\n\n<p>La p\u00e9riode suivante de la vie d&rsquo;Artemoff et de Nicanorova se d\u00e9roule en Corse, o\u00f9 ils habitent plusieurs ann\u00e9es, non loin de Bonifacio. P\u00e9riode b\u00e9nie entre cr\u00e9ation artistique, joies entre amis et plaisir de la chasse et de la p\u00eache ! <\/p>\n\n\n\n<figure class=\"wp-block-image size-large\"><img loading=\"lazy\" decoding=\"async\" width=\"1024\" height=\"701\" src=\"https:\/\/associationmarinatsvetaeva.com\/wp-content\/uploads\/2025\/01\/corse-1024x701.jpg\" alt=\"\" class=\"wp-image-995\" srcset=\"https:\/\/associationmarinatsvetaeva.com\/wp-content\/uploads\/2025\/01\/corse-1024x701.jpg 1024w, https:\/\/associationmarinatsvetaeva.com\/wp-content\/uploads\/2025\/01\/corse-300x205.jpg 300w, https:\/\/associationmarinatsvetaeva.com\/wp-content\/uploads\/2025\/01\/corse-768x526.jpg 768w, https:\/\/associationmarinatsvetaeva.com\/wp-content\/uploads\/2025\/01\/corse-1536x1052.jpg 1536w, https:\/\/associationmarinatsvetaeva.com\/wp-content\/uploads\/2025\/01\/corse-2048x1402.jpg 2048w, https:\/\/associationmarinatsvetaeva.com\/wp-content\/uploads\/2025\/01\/corse-88x60.jpg 88w\" sizes=\"auto, (max-width: 1024px) 100vw, 1024px\" \/><\/figure>\n\n\n\n<p>En 1930, le couple retrouve la r\u00e9gion parisienne et acquiert une petite maison avec jardin \u00e0 Clamart. C&rsquo;est ici que se noue la relation avec Tsvetaeva qui habite alors Meudon. Elle aime la compagnie de ce couple, passionn\u00e9 de litt\u00e9rature et de po\u00e9sie. Point commun entre eux : l&rsquo;amour des animaux. Pour Ariadna (fille de Marina), qui veut devenir peintre, c&rsquo;est aussi la chance de c\u00f4toyer deux grands artistes ! Gr\u00e2ce \u00e0 elle, nous avons plusieurs clich\u00e9s de la vie des Artemoff \u00e0 Clamart.<\/p>\n\n\n<div class=\"wp-block-image\">\n<figure class=\"aligncenter size-large is-resized\"><img loading=\"lazy\" decoding=\"async\" width=\"823\" height=\"1024\" src=\"https:\/\/associationmarinatsvetaeva.com\/wp-content\/uploads\/2025\/01\/20250119_160825-823x1024.jpg\" alt=\"\" class=\"wp-image-993\" style=\"aspect-ratio:0.732421875;width:495px;height:auto\" srcset=\"https:\/\/associationmarinatsvetaeva.com\/wp-content\/uploads\/2025\/01\/20250119_160825-823x1024.jpg 823w, https:\/\/associationmarinatsvetaeva.com\/wp-content\/uploads\/2025\/01\/20250119_160825-241x300.jpg 241w, https:\/\/associationmarinatsvetaeva.com\/wp-content\/uploads\/2025\/01\/20250119_160825-768x956.jpg 768w, https:\/\/associationmarinatsvetaeva.com\/wp-content\/uploads\/2025\/01\/20250119_160825-1235x1536.jpg 1235w, https:\/\/associationmarinatsvetaeva.com\/wp-content\/uploads\/2025\/01\/20250119_160825-1646x2048.jpg 1646w, https:\/\/associationmarinatsvetaeva.com\/wp-content\/uploads\/2025\/01\/20250119_160825-48x60.jpg 48w\" sizes=\"auto, (max-width: 823px) 100vw, 823px\" \/><figcaption class=\"wp-element-caption\">Le portrait de Tsvetaeva par Artemoff (don de Marie Artemoff-Testa, fille de l&rsquo;artiste au mus\u00e9e Tsvetaeva de Moscou)<\/figcaption><\/figure>\n<\/div>\n\n\n<figure class=\"wp-block-image size-large\"><img loading=\"lazy\" decoding=\"async\" width=\"1024\" height=\"702\" src=\"https:\/\/associationmarinatsvetaeva.com\/wp-content\/uploads\/2022\/06\/\u041c\u0423\u0420-\u0412-\u0421\u0410\u0414\u0423-1024x702.jpg\" alt=\"\" class=\"wp-image-780\" srcset=\"https:\/\/associationmarinatsvetaeva.com\/wp-content\/uploads\/2022\/06\/\u041c\u0423\u0420-\u0412-\u0421\u0410\u0414\u0423-1024x702.jpg 1024w, https:\/\/associationmarinatsvetaeva.com\/wp-content\/uploads\/2022\/06\/\u041c\u0423\u0420-\u0412-\u0421\u0410\u0414\u0423-300x206.jpg 300w, https:\/\/associationmarinatsvetaeva.com\/wp-content\/uploads\/2022\/06\/\u041c\u0423\u0420-\u0412-\u0421\u0410\u0414\u0423-768x526.jpg 768w, https:\/\/associationmarinatsvetaeva.com\/wp-content\/uploads\/2022\/06\/\u041c\u0423\u0420-\u0412-\u0421\u0410\u0414\u0423-88x60.jpg 88w, https:\/\/associationmarinatsvetaeva.com\/wp-content\/uploads\/2022\/06\/\u041c\u0423\u0420-\u0412-\u0421\u0410\u0414\u0423.jpg 1211w\" sizes=\"auto, (max-width: 1024px) 100vw, 1024px\" \/><figcaption class=\"wp-element-caption\">Mour, fils de Tsvetaeva dans le jardin des Artemoff, \u00e0 Clamart, 9 villa de l&rsquo;union (photo prise par Ariadna)<\/figcaption><\/figure>\n\n\n\n<figure class=\"wp-block-image size-large\"><img loading=\"lazy\" decoding=\"async\" width=\"1024\" height=\"814\" src=\"https:\/\/associationmarinatsvetaeva.com\/wp-content\/uploads\/2022\/06\/\u041f\u041e\u0421\u041b\u0415-\u0420\u041e\u0421\u0421\u0418\u0418-1024x814.jpg\" alt=\"\" class=\"wp-image-781\" srcset=\"https:\/\/associationmarinatsvetaeva.com\/wp-content\/uploads\/2022\/06\/\u041f\u041e\u0421\u041b\u0415-\u0420\u041e\u0421\u0421\u0418\u0418-1024x814.jpg 1024w, https:\/\/associationmarinatsvetaeva.com\/wp-content\/uploads\/2022\/06\/\u041f\u041e\u0421\u041b\u0415-\u0420\u041e\u0421\u0421\u0418\u0418-300x238.jpg 300w, https:\/\/associationmarinatsvetaeva.com\/wp-content\/uploads\/2022\/06\/\u041f\u041e\u0421\u041b\u0415-\u0420\u041e\u0421\u0421\u0418\u0418-768x610.jpg 768w, https:\/\/associationmarinatsvetaeva.com\/wp-content\/uploads\/2022\/06\/\u041f\u041e\u0421\u041b\u0415-\u0420\u041e\u0421\u0421\u0418\u0418-1536x1220.jpg 1536w, https:\/\/associationmarinatsvetaeva.com\/wp-content\/uploads\/2022\/06\/\u041f\u041e\u0421\u041b\u0415-\u0420\u041e\u0421\u0421\u0418\u0418-2048x1627.jpg 2048w, https:\/\/associationmarinatsvetaeva.com\/wp-content\/uploads\/2022\/06\/\u041f\u041e\u0421\u041b\u0415-\u0420\u041e\u0421\u0421\u0418\u0418-76x60.jpg 76w\" sizes=\"auto, (max-width: 1024px) 100vw, 1024px\" \/><figcaption class=\"wp-element-caption\">le recueil \u00ab\u00a0Apr\u00e8s la Russie\u00a0\u00bb offert et d\u00e9dicac\u00e9 par Tsvetaeva \u00e0 Lydia et Georges en 1931. (exemplaire offert par Marie Artemoff-Testa au mus\u00e9e Tsvetaeva de Bolchevo)<\/figcaption><\/figure>\n\n\n\n<p>En 1938, Lydia Nicanorova meurt d&rsquo;un cancer. Elle d\u00e9c\u00e8de \u00e0 Lancastre, propri\u00e9t\u00e9 situ\u00e9e \u00e0 Vaudreuille en Occitanie, o\u00f9 une amie du couple, Jeanne Astre-Doat avait invit\u00e9 Lydia pour tenter de la soigner. Lydia est enterr\u00e9e au petit cimeti\u00e8re de Vaudreuille, sa tombe en terre rappelle les s\u00e9pultures cosaques. Georges sculpte en hommage \u00e0 son \u00e9pouse la croix en bois. C&rsquo;est \u00e0 ses c\u00f4t\u00e9s qu&rsquo;Artemoff sera enterr\u00e9 en 1965.  <\/p>\n\n\n\n<figure class=\"wp-block-image size-large\"><img loading=\"lazy\" decoding=\"async\" width=\"768\" height=\"1024\" src=\"https:\/\/associationmarinatsvetaeva.com\/wp-content\/uploads\/2025\/01\/20230204_163816-768x1024.jpg\" alt=\"\" class=\"wp-image-1020\" srcset=\"https:\/\/associationmarinatsvetaeva.com\/wp-content\/uploads\/2025\/01\/20230204_163816-768x1024.jpg 768w, https:\/\/associationmarinatsvetaeva.com\/wp-content\/uploads\/2025\/01\/20230204_163816-225x300.jpg 225w, https:\/\/associationmarinatsvetaeva.com\/wp-content\/uploads\/2025\/01\/20230204_163816-1152x1536.jpg 1152w, https:\/\/associationmarinatsvetaeva.com\/wp-content\/uploads\/2025\/01\/20230204_163816-1536x2048.jpg 1536w, https:\/\/associationmarinatsvetaeva.com\/wp-content\/uploads\/2025\/01\/20230204_163816-45x60.jpg 45w, https:\/\/associationmarinatsvetaeva.com\/wp-content\/uploads\/2025\/01\/20230204_163816-scaled.jpg 1920w\" sizes=\"auto, (max-width: 768px) 100vw, 768px\" \/><figcaption class=\"wp-element-caption\">La tombe de Lydia Nicanorova et Georges Artemoff \u00e0 Vaudreuille (photo FD)<\/figcaption><\/figure>\n\n\n\n<p><\/p>\n","protected":false},"excerpt":{"rendered":"<p>Marina disait de lui qu&rsquo;il \u00e9tait le meilleur sculpteur sur bois qu&rsquo;elle ait jamais vu ! Cosaque du Don, ARTEMOFF, apr\u00e8s une enfance \u00e0 Rostov, &hellip; <\/p>\n","protected":false},"author":1,"featured_media":0,"parent":0,"menu_order":0,"comment_status":"closed","ping_status":"closed","template":"","meta":{"om_disable_all_campaigns":false,"_monsterinsights_skip_tracking":false,"_monsterinsights_sitenote_active":false,"_monsterinsights_sitenote_note":"","_monsterinsights_sitenote_category":0,"footnotes":""},"class_list":["post-775","page","type-page","status-publish","hentry","latest_post"],"_links":{"self":[{"href":"https:\/\/associationmarinatsvetaeva.com\/index.php?rest_route=\/wp\/v2\/pages\/775","targetHints":{"allow":["GET"]}}],"collection":[{"href":"https:\/\/associationmarinatsvetaeva.com\/index.php?rest_route=\/wp\/v2\/pages"}],"about":[{"href":"https:\/\/associationmarinatsvetaeva.com\/index.php?rest_route=\/wp\/v2\/types\/page"}],"author":[{"embeddable":true,"href":"https:\/\/associationmarinatsvetaeva.com\/index.php?rest_route=\/wp\/v2\/users\/1"}],"replies":[{"embeddable":true,"href":"https:\/\/associationmarinatsvetaeva.com\/index.php?rest_route=%2Fwp%2Fv2%2Fcomments&post=775"}],"version-history":[{"count":5,"href":"https:\/\/associationmarinatsvetaeva.com\/index.php?rest_route=\/wp\/v2\/pages\/775\/revisions"}],"predecessor-version":[{"id":1026,"href":"https:\/\/associationmarinatsvetaeva.com\/index.php?rest_route=\/wp\/v2\/pages\/775\/revisions\/1026"}],"wp:attachment":[{"href":"https:\/\/associationmarinatsvetaeva.com\/index.php?rest_route=%2Fwp%2Fv2%2Fmedia&parent=775"}],"curies":[{"name":"wp","href":"https:\/\/api.w.org\/{rel}","templated":true}]}}