{"id":752,"date":"2022-06-27T13:28:02","date_gmt":"2022-06-27T11:28:02","guid":{"rendered":"https:\/\/associationmarinatsvetaeva.com\/?page_id=752"},"modified":"2022-06-27T14:46:59","modified_gmt":"2022-06-27T12:46:59","slug":"colloque-marina-tsvetaeva-et-leurope-strasbourg-2018","status":"publish","type":"page","link":"https:\/\/associationmarinatsvetaeva.com\/?page_id=752","title":{"rendered":"COLLOQUE TSVETAEVA 2018"},"content":{"rendered":"\n<p>Organis\u00e9 par l&rsquo;universit\u00e9 de Strasbourg, sous la direction de Tatiana Victoroff et Valentina Chepiga du 12 au 14 d\u00e9cembre 2018, le colloque international \u00ab\u00a0Marina Tsvetaeva et l&rsquo;Europe\u00a0\u00bb r\u00e9unit de nombreux sp\u00e9cialistes de Marina Tsvetaeva. <\/p>\n\n\n<div class=\"wp-block-image\">\n<figure class=\"aligncenter size-large is-resized\"><img loading=\"lazy\" decoding=\"async\" src=\"https:\/\/associationmarinatsvetaeva.com\/wp-content\/uploads\/2022\/06\/Affiche-colloque--729x1024.jpg\" alt=\"\" class=\"wp-image-753\" width=\"547\" height=\"768\" srcset=\"https:\/\/associationmarinatsvetaeva.com\/wp-content\/uploads\/2022\/06\/Affiche-colloque--729x1024.jpg 729w, https:\/\/associationmarinatsvetaeva.com\/wp-content\/uploads\/2022\/06\/Affiche-colloque--213x300.jpg 213w, https:\/\/associationmarinatsvetaeva.com\/wp-content\/uploads\/2022\/06\/Affiche-colloque--768x1079.jpg 768w, https:\/\/associationmarinatsvetaeva.com\/wp-content\/uploads\/2022\/06\/Affiche-colloque--43x60.jpg 43w, https:\/\/associationmarinatsvetaeva.com\/wp-content\/uploads\/2022\/06\/Affiche-colloque-.jpg 831w\" sizes=\"auto, (max-width: 547px) 100vw, 547px\" \/><figcaption>L&rsquo;affiche du colloque a \u00e9t\u00e9 r\u00e9alis\u00e9e par l&rsquo;artiste Paul KICHILOV  <a href=\"https:\/\/www.paulkichilov.com\/accueil\">https:\/\/www.paulkichilov.com\/accueil<\/a><\/figcaption><\/figure>\n<\/div>\n\n\n<p>Vous pouvez retrouver les ACTES DU COLLOQUE en cliquant sur ce permalien. <a href=\"https:\/\/eac.ac\/books\/9782813003652\">https:\/\/eac.ac\/books\/9782813003652<\/a><\/p>\n\n\n\n<p>Le colloque proposa un programme culturel riche. Une repr\u00e9sentation de <strong>Ph\u00e8dre<\/strong> de Tsvetaeva fut organis\u00e9e et interpr\u00e9t\u00e9e par  la <strong>Compagnies Terres Neuves, mise en sc\u00e8ne par Priscille AMSLER.<\/strong> <\/p>\n\n\n<div class=\"wp-block-image\">\n<figure class=\"aligncenter size-full is-resized\"><img loading=\"lazy\" decoding=\"async\" src=\"https:\/\/associationmarinatsvetaeva.com\/wp-content\/uploads\/2022\/06\/Affiche-spectacle-PHEDRE.jpg\" alt=\"\" class=\"wp-image-756\" width=\"507\" height=\"720\" srcset=\"https:\/\/associationmarinatsvetaeva.com\/wp-content\/uploads\/2022\/06\/Affiche-spectacle-PHEDRE.jpg 676w, https:\/\/associationmarinatsvetaeva.com\/wp-content\/uploads\/2022\/06\/Affiche-spectacle-PHEDRE-211x300.jpg 211w, https:\/\/associationmarinatsvetaeva.com\/wp-content\/uploads\/2022\/06\/Affiche-spectacle-PHEDRE-42x60.jpg 42w\" sizes=\"auto, (max-width: 507px) 100vw, 507px\" \/><\/figure>\n<\/div>\n\n\n<p>Retrouvez tout le programme et les intervenants du colloque :<\/p>\n\n\n<div class=\"wp-block-image\">\n<figure class=\"aligncenter size-large is-resized\"><img loading=\"lazy\" decoding=\"async\" src=\"https:\/\/associationmarinatsvetaeva.com\/wp-content\/uploads\/2022\/06\/Programme-page-002-724x1024.jpg\" alt=\"\" class=\"wp-image-757\" width=\"543\" height=\"768\" srcset=\"https:\/\/associationmarinatsvetaeva.com\/wp-content\/uploads\/2022\/06\/Programme-page-002-724x1024.jpg 724w, https:\/\/associationmarinatsvetaeva.com\/wp-content\/uploads\/2022\/06\/Programme-page-002-212x300.jpg 212w, https:\/\/associationmarinatsvetaeva.com\/wp-content\/uploads\/2022\/06\/Programme-page-002-768x1086.jpg 768w, https:\/\/associationmarinatsvetaeva.com\/wp-content\/uploads\/2022\/06\/Programme-page-002-1086x1536.jpg 1086w, https:\/\/associationmarinatsvetaeva.com\/wp-content\/uploads\/2022\/06\/Programme-page-002-42x60.jpg 42w, https:\/\/associationmarinatsvetaeva.com\/wp-content\/uploads\/2022\/06\/Programme-page-002.jpg 1240w\" sizes=\"auto, (max-width: 543px) 100vw, 543px\" \/><\/figure>\n<\/div>\n\n\n<figure class=\"wp-block-image size-large is-resized\"><img loading=\"lazy\" decoding=\"async\" src=\"https:\/\/associationmarinatsvetaeva.com\/wp-content\/uploads\/2022\/06\/Programme-page-003-724x1024.jpg\" alt=\"\" class=\"wp-image-758\" width=\"543\" height=\"768\" srcset=\"https:\/\/associationmarinatsvetaeva.com\/wp-content\/uploads\/2022\/06\/Programme-page-003-724x1024.jpg 724w, https:\/\/associationmarinatsvetaeva.com\/wp-content\/uploads\/2022\/06\/Programme-page-003-212x300.jpg 212w, https:\/\/associationmarinatsvetaeva.com\/wp-content\/uploads\/2022\/06\/Programme-page-003-768x1086.jpg 768w, https:\/\/associationmarinatsvetaeva.com\/wp-content\/uploads\/2022\/06\/Programme-page-003-1086x1536.jpg 1086w, https:\/\/associationmarinatsvetaeva.com\/wp-content\/uploads\/2022\/06\/Programme-page-003-42x60.jpg 42w, https:\/\/associationmarinatsvetaeva.com\/wp-content\/uploads\/2022\/06\/Programme-page-003.jpg 1240w\" sizes=\"auto, (max-width: 543px) 100vw, 543px\" \/><\/figure>\n\n\n<div class=\"wp-block-image\">\n<figure class=\"aligncenter size-large is-resized\"><img loading=\"lazy\" decoding=\"async\" src=\"https:\/\/associationmarinatsvetaeva.com\/wp-content\/uploads\/2022\/06\/Programme-page-004-724x1024.jpg\" alt=\"\" class=\"wp-image-759\" width=\"543\" height=\"768\" srcset=\"https:\/\/associationmarinatsvetaeva.com\/wp-content\/uploads\/2022\/06\/Programme-page-004-724x1024.jpg 724w, https:\/\/associationmarinatsvetaeva.com\/wp-content\/uploads\/2022\/06\/Programme-page-004-212x300.jpg 212w, https:\/\/associationmarinatsvetaeva.com\/wp-content\/uploads\/2022\/06\/Programme-page-004-768x1086.jpg 768w, https:\/\/associationmarinatsvetaeva.com\/wp-content\/uploads\/2022\/06\/Programme-page-004-1086x1536.jpg 1086w, https:\/\/associationmarinatsvetaeva.com\/wp-content\/uploads\/2022\/06\/Programme-page-004-42x60.jpg 42w, https:\/\/associationmarinatsvetaeva.com\/wp-content\/uploads\/2022\/06\/Programme-page-004.jpg 1240w\" sizes=\"auto, (max-width: 543px) 100vw, 543px\" \/><\/figure>\n<\/div>","protected":false},"excerpt":{"rendered":"<p>Organis\u00e9 par l&rsquo;universit\u00e9 de Strasbourg, sous la direction de Tatiana Victoroff et Valentina Chepiga du 12 au 14 d\u00e9cembre 2018, le colloque international \u00ab\u00a0Marina Tsvetaeva &hellip; <\/p>\n","protected":false},"author":1,"featured_media":0,"parent":0,"menu_order":0,"comment_status":"closed","ping_status":"closed","template":"","meta":{"om_disable_all_campaigns":false,"_monsterinsights_skip_tracking":false,"_monsterinsights_sitenote_active":false,"_monsterinsights_sitenote_note":"","_monsterinsights_sitenote_category":0,"footnotes":""},"class_list":["post-752","page","type-page","status-publish","hentry","latest_post"],"_links":{"self":[{"href":"https:\/\/associationmarinatsvetaeva.com\/index.php?rest_route=\/wp\/v2\/pages\/752","targetHints":{"allow":["GET"]}}],"collection":[{"href":"https:\/\/associationmarinatsvetaeva.com\/index.php?rest_route=\/wp\/v2\/pages"}],"about":[{"href":"https:\/\/associationmarinatsvetaeva.com\/index.php?rest_route=\/wp\/v2\/types\/page"}],"author":[{"embeddable":true,"href":"https:\/\/associationmarinatsvetaeva.com\/index.php?rest_route=\/wp\/v2\/users\/1"}],"replies":[{"embeddable":true,"href":"https:\/\/associationmarinatsvetaeva.com\/index.php?rest_route=%2Fwp%2Fv2%2Fcomments&post=752"}],"version-history":[{"count":3,"href":"https:\/\/associationmarinatsvetaeva.com\/index.php?rest_route=\/wp\/v2\/pages\/752\/revisions"}],"predecessor-version":[{"id":762,"href":"https:\/\/associationmarinatsvetaeva.com\/index.php?rest_route=\/wp\/v2\/pages\/752\/revisions\/762"}],"wp:attachment":[{"href":"https:\/\/associationmarinatsvetaeva.com\/index.php?rest_route=%2Fwp%2Fv2%2Fmedia&parent=752"}],"curies":[{"name":"wp","href":"https:\/\/api.w.org\/{rel}","templated":true}]}}