{"id":729,"date":"2022-06-22T23:56:34","date_gmt":"2022-06-22T21:56:34","guid":{"rendered":"https:\/\/associationmarinatsvetaeva.com\/?page_id=729"},"modified":"2022-06-22T23:56:35","modified_gmt":"2022-06-22T21:56:35","slug":"natalia-gontcharova-1881-1962","status":"publish","type":"page","link":"https:\/\/associationmarinatsvetaeva.com\/?page_id=729","title":{"rendered":"NATALIA GONTCHAROVA (1881-1962)"},"content":{"rendered":"\n<p>La collaboration entre le po\u00e8te Marina Tsvetaeva et le peintre Natalia Gontcharova dura peu de temps et n&rsquo;eut pas le succ\u00e8s escompt\u00e9. Mais ces deux artistes hors-normes ont des destin\u00e9es tellement extraordinaires, similaires sur certains aspects et sans comparaison possible sur d&rsquo;autres que l&rsquo;on ne peut \u00e9voquer Tsvetaeva sans Gontcharova. <\/p>\n\n\n\n<p>Ces deux artistes appartenaient \u00e0 deux g\u00e9n\u00e9rations dor\u00e9es et ont transform\u00e9 leur art respectif, ne suivant jamais que leur conception. Gontcharova et son compagnon Michel Larionov s&rsquo;install\u00e8rent \u00e0 Paris pour suivre la troupe des Ballets russes de Diaghilev, \u00e0 laquelle ils contribu\u00e8rent, en concevant d\u00e9cors, costumes et aussi mises-en-sc\u00e8ne.  <\/p>\n\n\n\n<figure class=\"wp-block-pullquote\"><blockquote><p>J\u2019\u00e9cris un long non-article sur Natalia Gontcharova, le meilleur peintre-femme russe, et peut-\u00eatre le meilleur peintre tout court. C\u2019est une personne remarquable. Elle n\u2019est plus tr\u00e8s jeune, mon a\u00een\u00e9e de 15 ans. <\/p><cite>lettre a teskova, le 19 fevrier 1929<\/cite><\/blockquote><\/figure>\n\n\n\n<h2 class=\"has-x-large-font-size wp-block-heading\">LE GARS<\/h2>\n\n\n\n<p>Tsvetaeva avait \u00e9crit un conte en russe, intitul\u00e9 le Gars (\u041c\u043e\u043b\u043e\u0434\u0435\u0446). Il s&rsquo;agissait d&rsquo;une adaptation du conte d&rsquo;Afanassief \u00ab\u00a0le Vampire\u00a0\u00bb. Il fut publi\u00e9 en 1924 dans sa version russe \u00e0 Prague. <\/p>\n\n\n\n<figure class=\"wp-block-image size-large\"><img loading=\"lazy\" decoding=\"async\" width=\"1024\" height=\"576\" src=\"https:\/\/associationmarinatsvetaeva.com\/wp-content\/uploads\/2022\/06\/le-gars-publication-1924-1024x576.jpg\" alt=\"\" class=\"wp-image-730\" srcset=\"https:\/\/associationmarinatsvetaeva.com\/wp-content\/uploads\/2022\/06\/le-gars-publication-1924-1024x576.jpg 1024w, https:\/\/associationmarinatsvetaeva.com\/wp-content\/uploads\/2022\/06\/le-gars-publication-1924-300x169.jpg 300w, https:\/\/associationmarinatsvetaeva.com\/wp-content\/uploads\/2022\/06\/le-gars-publication-1924-768x432.jpg 768w, https:\/\/associationmarinatsvetaeva.com\/wp-content\/uploads\/2022\/06\/le-gars-publication-1924-107x60.jpg 107w, https:\/\/associationmarinatsvetaeva.com\/wp-content\/uploads\/2022\/06\/le-gars-publication-1924-840x473.jpg 840w, https:\/\/associationmarinatsvetaeva.com\/wp-content\/uploads\/2022\/06\/le-gars-publication-1924.jpg 1280w\" sizes=\"auto, (max-width: 1024px) 100vw, 1024px\" \/><\/figure>\n\n\n\n<p>Arriv\u00e9e \u00e0 Paris, Tsvetaeva eut l&rsquo;id\u00e9e de traduire elle-m\u00eame son texte en fran\u00e7ais. Apr\u00e8s de longs mois de travail, c&rsquo;est un texte enti\u00e8rement r\u00e9\u00e9crit qui vit le jour, bien plus qu&rsquo;une \u00ab\u00a0simple\u00a0\u00bb traduction. <\/p>\n\n\n\n<figure class=\"wp-block-pullquote\"><blockquote><p>J\u2019ai termin\u00e9 le Gars. C\u2019est mon unique espoir de gagner quelque-chose, mais il faut attendre.Il ne faut pas donner inconsid\u00e9r\u00e9ment 6 mois de travail.<\/p><cite>Lettre \u00e0 Teskova, 17 octobre 1930<\/cite><\/blockquote><\/figure>\n\n\n\n<p>Gontcharova avait particuli\u00e8rement appr\u00e9ci\u00e9 l&rsquo;oeuvre de Tsvetaeva et lui proposa de l&rsquo;illustrer. Malheureusement, le texte ne trouva pas l&rsquo;\u00e9cho attendu et ne fut pas \u00e9dit\u00e9 du vivant des artistes. <\/p>\n\n\n\n<figure class=\"wp-block-image size-large\"><img loading=\"lazy\" decoding=\"async\" width=\"1024\" height=\"576\" src=\"https:\/\/associationmarinatsvetaeva.com\/wp-content\/uploads\/2022\/06\/Dessins-Gontacharova-1-le-gars-1024x576.jpg\" alt=\"\" class=\"wp-image-731\" srcset=\"https:\/\/associationmarinatsvetaeva.com\/wp-content\/uploads\/2022\/06\/Dessins-Gontacharova-1-le-gars-1024x576.jpg 1024w, https:\/\/associationmarinatsvetaeva.com\/wp-content\/uploads\/2022\/06\/Dessins-Gontacharova-1-le-gars-300x169.jpg 300w, https:\/\/associationmarinatsvetaeva.com\/wp-content\/uploads\/2022\/06\/Dessins-Gontacharova-1-le-gars-768x432.jpg 768w, https:\/\/associationmarinatsvetaeva.com\/wp-content\/uploads\/2022\/06\/Dessins-Gontacharova-1-le-gars-107x60.jpg 107w, https:\/\/associationmarinatsvetaeva.com\/wp-content\/uploads\/2022\/06\/Dessins-Gontacharova-1-le-gars-840x473.jpg 840w, https:\/\/associationmarinatsvetaeva.com\/wp-content\/uploads\/2022\/06\/Dessins-Gontacharova-1-le-gars.jpg 1280w\" sizes=\"auto, (max-width: 1024px) 100vw, 1024px\" \/><figcaption>dessins de Gontcharova pour illustrer \u00ab\u00a0le Gars\u00a0\u00bb<\/figcaption><\/figure>\n","protected":false},"excerpt":{"rendered":"<p>La collaboration entre le po\u00e8te Marina Tsvetaeva et le peintre Natalia Gontcharova dura peu de temps et n&rsquo;eut pas le succ\u00e8s escompt\u00e9. Mais ces deux &hellip; <\/p>\n","protected":false},"author":1,"featured_media":0,"parent":0,"menu_order":0,"comment_status":"closed","ping_status":"closed","template":"","meta":{"om_disable_all_campaigns":false,"_monsterinsights_skip_tracking":false,"_monsterinsights_sitenote_active":false,"_monsterinsights_sitenote_note":"","_monsterinsights_sitenote_category":0,"footnotes":""},"class_list":["post-729","page","type-page","status-publish","hentry","latest_post"],"_links":{"self":[{"href":"https:\/\/associationmarinatsvetaeva.com\/index.php?rest_route=\/wp\/v2\/pages\/729","targetHints":{"allow":["GET"]}}],"collection":[{"href":"https:\/\/associationmarinatsvetaeva.com\/index.php?rest_route=\/wp\/v2\/pages"}],"about":[{"href":"https:\/\/associationmarinatsvetaeva.com\/index.php?rest_route=\/wp\/v2\/types\/page"}],"author":[{"embeddable":true,"href":"https:\/\/associationmarinatsvetaeva.com\/index.php?rest_route=\/wp\/v2\/users\/1"}],"replies":[{"embeddable":true,"href":"https:\/\/associationmarinatsvetaeva.com\/index.php?rest_route=%2Fwp%2Fv2%2Fcomments&post=729"}],"version-history":[{"count":1,"href":"https:\/\/associationmarinatsvetaeva.com\/index.php?rest_route=\/wp\/v2\/pages\/729\/revisions"}],"predecessor-version":[{"id":732,"href":"https:\/\/associationmarinatsvetaeva.com\/index.php?rest_route=\/wp\/v2\/pages\/729\/revisions\/732"}],"wp:attachment":[{"href":"https:\/\/associationmarinatsvetaeva.com\/index.php?rest_route=%2Fwp%2Fv2%2Fmedia&parent=729"}],"curies":[{"name":"wp","href":"https:\/\/api.w.org\/{rel}","templated":true}]}}