{"id":708,"date":"2022-06-22T17:58:29","date_gmt":"2022-06-22T15:58:29","guid":{"rendered":"https:\/\/associationmarinatsvetaeva.com\/?page_id=708"},"modified":"2022-06-22T17:58:29","modified_gmt":"2022-06-22T15:58:29","slug":"royan-pontaillac","status":"publish","type":"page","link":"https:\/\/associationmarinatsvetaeva.com\/?page_id=708","title":{"rendered":"ROYAN &#8211; PONTAILLAC"},"content":{"rendered":"\n<p>Une des premi\u00e8res destinations de vacances pour Tsvetaeva apr\u00e8s son arriv\u00e9e en France fut Pontaillac pr\u00e8s de Royan sur la c\u00f4te atlantique. Elle passa avec ses enfants et son mari, Sergue\u00ef Efron, l&rsquo;\u00e9t\u00e9 1928 de juillet \u00e0 septembre \u00e0 la villa Jacqueline.<\/p>\n\n\n\n<figure class=\"wp-block-video\"><video height=\"1080\" style=\"aspect-ratio: 1920 \/ 1080;\" width=\"1920\" controls src=\"https:\/\/associationmarinatsvetaeva.com\/wp-content\/uploads\/2022\/06\/20220312_165657.mp4\"><\/video><figcaption>La plage de Pontaillac<\/figcaption><\/figure>\n\n\n\n<p>Marina \u00e9prouve lors de son s\u00e9jour des sentiments mitig\u00e9s. A Royan s\u00e9journe cet \u00e9t\u00e9-l\u00e0 une v\u00e9ritable colonie russe, o\u00f9 l&rsquo;on retrouve les familles Lossky, Karsavine, Andreev, Zavadsky, Souvchinsky, promiscuit\u00e9 qui n&rsquo;est pas toujours de son go\u00fbt.   <\/p>\n\n\n\n<figure class=\"wp-block-pullquote\"><blockquote><p>Je hais \u00ab\u00a0la compagnie\u00a0\u00bb; je souffre toujours extr\u00eamement, <\/p><p>je fuis en courant, je m&rsquo;\u00e9clipse.<\/p><cite>Lettre a Gronski, 12 juillet 1928<\/cite><\/blockquote><\/figure>\n\n\n\n<figure class=\"wp-block-image size-large\"><img loading=\"lazy\" decoding=\"async\" width=\"802\" height=\"1024\" src=\"https:\/\/associationmarinatsvetaeva.com\/wp-content\/uploads\/2022\/06\/colonie-russe-de-Royan-802x1024.jpg\" alt=\"\" class=\"wp-image-710\" srcset=\"https:\/\/associationmarinatsvetaeva.com\/wp-content\/uploads\/2022\/06\/colonie-russe-de-Royan-802x1024.jpg 802w, https:\/\/associationmarinatsvetaeva.com\/wp-content\/uploads\/2022\/06\/colonie-russe-de-Royan-235x300.jpg 235w, https:\/\/associationmarinatsvetaeva.com\/wp-content\/uploads\/2022\/06\/colonie-russe-de-Royan-768x981.jpg 768w, https:\/\/associationmarinatsvetaeva.com\/wp-content\/uploads\/2022\/06\/colonie-russe-de-Royan-1203x1536.jpg 1203w, https:\/\/associationmarinatsvetaeva.com\/wp-content\/uploads\/2022\/06\/colonie-russe-de-Royan-1604x2048.jpg 1604w, https:\/\/associationmarinatsvetaeva.com\/wp-content\/uploads\/2022\/06\/colonie-russe-de-Royan-47x60.jpg 47w, https:\/\/associationmarinatsvetaeva.com\/wp-content\/uploads\/2022\/06\/colonie-russe-de-Royan-scaled.jpg 2004w\" sizes=\"auto, (max-width: 802px) 100vw, 802px\" \/><figcaption>Photo \u00a9 Andre\u00ef Korliakov (\u00ab\u00a0La culture russe en exil\u00a0\u00bb, YMCA Press, 2012) Sur la photo, on voit Tsvetaeva et sa fille Ariadna. En bas \u00e0 droite, l&rsquo;historien Lev Karsavine et debout \u00e0 gauche Boris Lossky.<\/figcaption><\/figure>\n\n\n<div class=\"wp-block-image\">\n<figure class=\"aligncenter size-large is-resized\"><img loading=\"lazy\" decoding=\"async\" src=\"https:\/\/associationmarinatsvetaeva.com\/wp-content\/uploads\/2022\/06\/20220312_131012-1024x768.jpg\" alt=\"\" class=\"wp-image-711\" width=\"768\" height=\"576\" srcset=\"https:\/\/associationmarinatsvetaeva.com\/wp-content\/uploads\/2022\/06\/20220312_131012-1024x768.jpg 1024w, https:\/\/associationmarinatsvetaeva.com\/wp-content\/uploads\/2022\/06\/20220312_131012-300x225.jpg 300w, https:\/\/associationmarinatsvetaeva.com\/wp-content\/uploads\/2022\/06\/20220312_131012-768x576.jpg 768w, https:\/\/associationmarinatsvetaeva.com\/wp-content\/uploads\/2022\/06\/20220312_131012-1536x1152.jpg 1536w, https:\/\/associationmarinatsvetaeva.com\/wp-content\/uploads\/2022\/06\/20220312_131012-2048x1536.jpg 2048w, https:\/\/associationmarinatsvetaeva.com\/wp-content\/uploads\/2022\/06\/20220312_131012-80x60.jpg 80w\" sizes=\"auto, (max-width: 768px) 100vw, 768px\" \/><figcaption>Plage de Saint-Georges de Didonne au sud de Royan.<\/figcaption><\/figure>\n<\/div>\n\n\n<p>Tsvetaeva \u00e9tait surtout dans l&rsquo;attente de la venue de Nicolas Gronski, rest\u00e9 \u00e0 Meudon. La correspondance des deux po\u00e8tes montre l&rsquo;impatience de Marina de retrouver son nouveau compagnon de balades qui, au final, ne viendra pas. Encore une \u00ab\u00a0non-rencontre\u00a0\u00bb !<\/p>\n\n\n\n<figure class=\"wp-block-pullquote\"><blockquote><p>Notre non-rencontre, le fait que nous nous soyons manqu\u00e9s, non r\u00e9alis\u00e9s, \u00e0 pr\u00e9sent, cela ne vient que de toi d&rsquo;un point de vue ext\u00e9rieur. Ma loi, c&rsquo;est la non-r\u00e9alisation. <\/p><cite>Lettre \u00e0 Gronski, 1 septembre 1928<\/cite><\/blockquote><\/figure>\n\n\n\n<figure class=\"wp-block-image size-large\"><img loading=\"lazy\" decoding=\"async\" width=\"1024\" height=\"576\" src=\"https:\/\/associationmarinatsvetaeva.com\/wp-content\/uploads\/2022\/06\/Royan-Gronski-1024x576.jpg\" alt=\"\" class=\"wp-image-712\" srcset=\"https:\/\/associationmarinatsvetaeva.com\/wp-content\/uploads\/2022\/06\/Royan-Gronski-1024x576.jpg 1024w, https:\/\/associationmarinatsvetaeva.com\/wp-content\/uploads\/2022\/06\/Royan-Gronski-300x169.jpg 300w, https:\/\/associationmarinatsvetaeva.com\/wp-content\/uploads\/2022\/06\/Royan-Gronski-768x432.jpg 768w, https:\/\/associationmarinatsvetaeva.com\/wp-content\/uploads\/2022\/06\/Royan-Gronski-107x60.jpg 107w, https:\/\/associationmarinatsvetaeva.com\/wp-content\/uploads\/2022\/06\/Royan-Gronski-840x473.jpg 840w, https:\/\/associationmarinatsvetaeva.com\/wp-content\/uploads\/2022\/06\/Royan-Gronski.jpg 1280w\" sizes=\"auto, (max-width: 1024px) 100vw, 1024px\" \/><\/figure>\n\n\n\n<p>\u00ab\u00a0Vacances\u00a0\u00bb ne signifient pas inactivit\u00e9. De Royan, par l&rsquo;interm\u00e9diaire de Gronski, Tsvetaeva surveille l&rsquo;avanc\u00e9e de la publication de sa pi\u00e8ce \u00ab\u00a0Ph\u00e8dre\u00a0\u00bb qui sortira dans la revue de l&rsquo;\u00e9migration russe des Annales contemporaines. <\/p>\n\n\n\n<figure class=\"wp-block-image size-large\"><img loading=\"lazy\" decoding=\"async\" width=\"1024\" height=\"576\" src=\"https:\/\/associationmarinatsvetaeva.com\/wp-content\/uploads\/2022\/06\/Annales-contemproaines-phedre-royan-1024x576.jpg\" alt=\"\" class=\"wp-image-713\" srcset=\"https:\/\/associationmarinatsvetaeva.com\/wp-content\/uploads\/2022\/06\/Annales-contemproaines-phedre-royan-1024x576.jpg 1024w, https:\/\/associationmarinatsvetaeva.com\/wp-content\/uploads\/2022\/06\/Annales-contemproaines-phedre-royan-300x169.jpg 300w, https:\/\/associationmarinatsvetaeva.com\/wp-content\/uploads\/2022\/06\/Annales-contemproaines-phedre-royan-768x432.jpg 768w, https:\/\/associationmarinatsvetaeva.com\/wp-content\/uploads\/2022\/06\/Annales-contemproaines-phedre-royan-107x60.jpg 107w, https:\/\/associationmarinatsvetaeva.com\/wp-content\/uploads\/2022\/06\/Annales-contemproaines-phedre-royan-840x473.jpg 840w, https:\/\/associationmarinatsvetaeva.com\/wp-content\/uploads\/2022\/06\/Annales-contemproaines-phedre-royan.jpg 1280w\" sizes=\"auto, (max-width: 1024px) 100vw, 1024px\" \/><\/figure>\n\n\n\n<p>Et comme toujours, Marina se plaint de cette mer qui n&rsquo;est pas son \u00ab\u00a0\u00e9l\u00e9ment\u00a0\u00bb et l&rsquo;ennuie. Elle pr\u00e9f\u00e8re se projeter dans l&rsquo;avenir et r\u00eave de montagne !<\/p>\n\n\n\n<figure class=\"wp-block-pullquote\"><blockquote><p>Je vis d\u00e9j\u00e0 dans le r\u00eave du futur: la Savoie. J&rsquo;ai une indigestion de la mer et j&rsquo;en ai trop bu !<\/p><cite>Lettre a Gronski, 26 juillet 1928<\/cite><\/blockquote><\/figure>\n\n\n\n<figure class=\"wp-block-image size-large\"><img loading=\"lazy\" decoding=\"async\" width=\"1024\" height=\"768\" src=\"https:\/\/associationmarinatsvetaeva.com\/wp-content\/uploads\/2022\/06\/20220312_092642-1024x768.jpg\" alt=\"\" class=\"wp-image-714\" srcset=\"https:\/\/associationmarinatsvetaeva.com\/wp-content\/uploads\/2022\/06\/20220312_092642-1024x768.jpg 1024w, https:\/\/associationmarinatsvetaeva.com\/wp-content\/uploads\/2022\/06\/20220312_092642-300x225.jpg 300w, https:\/\/associationmarinatsvetaeva.com\/wp-content\/uploads\/2022\/06\/20220312_092642-768x576.jpg 768w, https:\/\/associationmarinatsvetaeva.com\/wp-content\/uploads\/2022\/06\/20220312_092642-1536x1152.jpg 1536w, https:\/\/associationmarinatsvetaeva.com\/wp-content\/uploads\/2022\/06\/20220312_092642-2048x1536.jpg 2048w, https:\/\/associationmarinatsvetaeva.com\/wp-content\/uploads\/2022\/06\/20220312_092642-80x60.jpg 80w\" sizes=\"auto, (max-width: 1024px) 100vw, 1024px\" \/><\/figure>\n","protected":false},"excerpt":{"rendered":"<p>Une des premi\u00e8res destinations de vacances pour Tsvetaeva apr\u00e8s son arriv\u00e9e en France fut Pontaillac pr\u00e8s de Royan sur la c\u00f4te atlantique. Elle passa avec &hellip; <\/p>\n","protected":false},"author":1,"featured_media":0,"parent":0,"menu_order":0,"comment_status":"closed","ping_status":"closed","template":"","meta":{"om_disable_all_campaigns":false,"_monsterinsights_skip_tracking":false,"_monsterinsights_sitenote_active":false,"_monsterinsights_sitenote_note":"","_monsterinsights_sitenote_category":0,"footnotes":""},"class_list":["post-708","page","type-page","status-publish","hentry","latest_post"],"_links":{"self":[{"href":"https:\/\/associationmarinatsvetaeva.com\/index.php?rest_route=\/wp\/v2\/pages\/708","targetHints":{"allow":["GET"]}}],"collection":[{"href":"https:\/\/associationmarinatsvetaeva.com\/index.php?rest_route=\/wp\/v2\/pages"}],"about":[{"href":"https:\/\/associationmarinatsvetaeva.com\/index.php?rest_route=\/wp\/v2\/types\/page"}],"author":[{"embeddable":true,"href":"https:\/\/associationmarinatsvetaeva.com\/index.php?rest_route=\/wp\/v2\/users\/1"}],"replies":[{"embeddable":true,"href":"https:\/\/associationmarinatsvetaeva.com\/index.php?rest_route=%2Fwp%2Fv2%2Fcomments&post=708"}],"version-history":[{"count":1,"href":"https:\/\/associationmarinatsvetaeva.com\/index.php?rest_route=\/wp\/v2\/pages\/708\/revisions"}],"predecessor-version":[{"id":715,"href":"https:\/\/associationmarinatsvetaeva.com\/index.php?rest_route=\/wp\/v2\/pages\/708\/revisions\/715"}],"wp:attachment":[{"href":"https:\/\/associationmarinatsvetaeva.com\/index.php?rest_route=%2Fwp%2Fv2%2Fmedia&parent=708"}],"curies":[{"name":"wp","href":"https:\/\/api.w.org\/{rel}","templated":true}]}}