{"id":676,"date":"2022-06-22T00:33:21","date_gmt":"2022-06-21T22:33:21","guid":{"rendered":"https:\/\/associationmarinatsvetaeva.com\/?page_id=676"},"modified":"2022-06-22T18:43:29","modified_gmt":"2022-06-22T16:43:29","slug":"moret-sur-loing","status":"publish","type":"page","link":"https:\/\/associationmarinatsvetaeva.com\/?page_id=676","title":{"rendered":"MORET-SUR-LOING"},"content":{"rendered":"\n<p>Le s\u00e9jour \u00e0 Moret-sur-Loing, petite ville non loin de Fontainebleau, fut bref, mais non d\u00e9nu\u00e9 d&rsquo;int\u00e9r\u00eats ! Marina Tsvetaeva et son fils Georges y pass\u00e8rent un petit mois en juillet 1936.<\/p>\n\n\n\n<figure class=\"wp-block-image size-large\"><img loading=\"lazy\" decoding=\"async\" width=\"1024\" height=\"576\" src=\"https:\/\/associationmarinatsvetaeva.com\/wp-content\/uploads\/2022\/06\/MORET-SUR-LOING-1024x576.jpg\" alt=\"\" class=\"wp-image-677\" srcset=\"https:\/\/associationmarinatsvetaeva.com\/wp-content\/uploads\/2022\/06\/MORET-SUR-LOING-1024x576.jpg 1024w, https:\/\/associationmarinatsvetaeva.com\/wp-content\/uploads\/2022\/06\/MORET-SUR-LOING-300x169.jpg 300w, https:\/\/associationmarinatsvetaeva.com\/wp-content\/uploads\/2022\/06\/MORET-SUR-LOING-768x432.jpg 768w, https:\/\/associationmarinatsvetaeva.com\/wp-content\/uploads\/2022\/06\/MORET-SUR-LOING-107x60.jpg 107w, https:\/\/associationmarinatsvetaeva.com\/wp-content\/uploads\/2022\/06\/MORET-SUR-LOING-840x473.jpg 840w, https:\/\/associationmarinatsvetaeva.com\/wp-content\/uploads\/2022\/06\/MORET-SUR-LOING.jpg 1280w\" sizes=\"auto, (max-width: 1024px) 100vw, 1024px\" \/><\/figure>\n\n\n\n<p>Il y avait tout \u00e0 Moret-sur-Loing pour plaire \u00e0 Tsvetaeva. Un cadre idyllique et champ\u00eatre, non loin du ch\u00e2teau de Fontainebleau. Une magnifique \u00e9glise gothique et un village traditionnel. Une rivi\u00e8re, le Loing, qui serpente \u00e0 travers la ville et des for\u00eats alentours pour de longues balades. Mais le temps d\u00e9testable de ce mois de juillet 1936 rendit Georges malade et Tsvetaeva d\u00e9cida d&rsquo;\u00e9courter son s\u00e9jour.  <\/p>\n\n\n<div class=\"wp-block-image\">\n<figure class=\"aligncenter size-large is-resized\"><img loading=\"lazy\" decoding=\"async\" src=\"https:\/\/associationmarinatsvetaeva.com\/wp-content\/uploads\/2022\/06\/20211211_152933-768x1024.jpg\" alt=\"\" class=\"wp-image-700\" width=\"576\" height=\"768\" srcset=\"https:\/\/associationmarinatsvetaeva.com\/wp-content\/uploads\/2022\/06\/20211211_152933-768x1024.jpg 768w, https:\/\/associationmarinatsvetaeva.com\/wp-content\/uploads\/2022\/06\/20211211_152933-225x300.jpg 225w, https:\/\/associationmarinatsvetaeva.com\/wp-content\/uploads\/2022\/06\/20211211_152933-1152x1536.jpg 1152w, https:\/\/associationmarinatsvetaeva.com\/wp-content\/uploads\/2022\/06\/20211211_152933-1536x2048.jpg 1536w, https:\/\/associationmarinatsvetaeva.com\/wp-content\/uploads\/2022\/06\/20211211_152933-45x60.jpg 45w, https:\/\/associationmarinatsvetaeva.com\/wp-content\/uploads\/2022\/06\/20211211_152933-scaled.jpg 1920w\" sizes=\"auto, (max-width: 576px) 100vw, 576px\" \/><\/figure>\n<\/div>\n\n\n<figure class=\"wp-block-pullquote\"><blockquote><p>C&rsquo;est par ces portes que nous allons au fleuve, \u00e0 vrai dire &#8211; \u00e0 la rivi\u00e8re, avec un nom merveilleux : Loing (loin !). La rivi\u00e8re est dans le genre de celle o\u00f9 je me baignais \u00e0 15 ans, dans la province de Toula, dans l&rsquo;ancienne propri\u00e9t\u00e9 de Tourgueniev [&#8230;]<\/p><cite>lettre a teskova, le 10 juillet 1936<\/cite><\/blockquote><\/figure>\n\n\n<div class=\"wp-block-image\">\n<figure class=\"aligncenter size-large is-resized\"><img loading=\"lazy\" decoding=\"async\" src=\"https:\/\/associationmarinatsvetaeva.com\/wp-content\/uploads\/2022\/06\/IMG_2432-3-1024x689.jpg\" alt=\"\" class=\"wp-image-678\" width=\"768\" height=\"517\" srcset=\"https:\/\/associationmarinatsvetaeva.com\/wp-content\/uploads\/2022\/06\/IMG_2432-3-1024x689.jpg 1024w, https:\/\/associationmarinatsvetaeva.com\/wp-content\/uploads\/2022\/06\/IMG_2432-3-300x202.jpg 300w, https:\/\/associationmarinatsvetaeva.com\/wp-content\/uploads\/2022\/06\/IMG_2432-3-768x517.jpg 768w, https:\/\/associationmarinatsvetaeva.com\/wp-content\/uploads\/2022\/06\/IMG_2432-3-1536x1033.jpg 1536w, https:\/\/associationmarinatsvetaeva.com\/wp-content\/uploads\/2022\/06\/IMG_2432-3-2048x1378.jpg 2048w, https:\/\/associationmarinatsvetaeva.com\/wp-content\/uploads\/2022\/06\/IMG_2432-3-89x60.jpg 89w\" sizes=\"auto, (max-width: 768px) 100vw, 768px\" \/><figcaption>L&rsquo;\u00e9glise de Moret-sur-Loing<\/figcaption><\/figure>\n<\/div>\n\n\n<figure class=\"wp-block-pullquote\"><blockquote><p>Nous habitons sous les chim\u00e8res.<\/p><cite>lettre a anna teskova, 10 JUILLET 1936<\/cite><\/blockquote><\/figure>\n\n\n<div class=\"wp-block-image\">\n<figure class=\"aligncenter size-large is-resized\"><img loading=\"lazy\" decoding=\"async\" src=\"https:\/\/associationmarinatsvetaeva.com\/wp-content\/uploads\/2022\/06\/IMG_20191004_174842-768x1024.jpg\" alt=\"\" class=\"wp-image-698\" width=\"384\" height=\"512\" srcset=\"https:\/\/associationmarinatsvetaeva.com\/wp-content\/uploads\/2022\/06\/IMG_20191004_174842-768x1024.jpg 768w, https:\/\/associationmarinatsvetaeva.com\/wp-content\/uploads\/2022\/06\/IMG_20191004_174842-225x300.jpg 225w, https:\/\/associationmarinatsvetaeva.com\/wp-content\/uploads\/2022\/06\/IMG_20191004_174842-1152x1536.jpg 1152w, https:\/\/associationmarinatsvetaeva.com\/wp-content\/uploads\/2022\/06\/IMG_20191004_174842-1536x2048.jpg 1536w, https:\/\/associationmarinatsvetaeva.com\/wp-content\/uploads\/2022\/06\/IMG_20191004_174842-45x60.jpg 45w, https:\/\/associationmarinatsvetaeva.com\/wp-content\/uploads\/2022\/06\/IMG_20191004_174842-scaled.jpg 1920w\" sizes=\"auto, (max-width: 384px) 100vw, 384px\" \/><\/figure>\n<\/div>\n\n\n<p>Malgr\u00e9 tout, Tsvetaeva n&rsquo;est pas rest\u00e9e inactive pendant ce court s\u00e9jour qui lui permit de commencer des traductions de po\u00e8mes de Pouchkine, pr\u00e9parant ainsi les festivit\u00e9s pour l&rsquo;anniversaire du 100i\u00e8me anniversaire de sa mort qui allait \u00eatre comm\u00e9mor\u00e9 en grande pompe par l&rsquo;\u00e9migration russe fran\u00e7aise en 1937.<\/p>\n\n\n<div class=\"wp-block-image\">\n<figure class=\"aligncenter size-large is-resized\"><img loading=\"lazy\" decoding=\"async\" src=\"https:\/\/associationmarinatsvetaeva.com\/wp-content\/uploads\/2022\/06\/IMG_2433-683x1024.jpg\" alt=\"\" class=\"wp-image-679\" width=\"512\" height=\"768\" srcset=\"https:\/\/associationmarinatsvetaeva.com\/wp-content\/uploads\/2022\/06\/IMG_2433-683x1024.jpg 683w, https:\/\/associationmarinatsvetaeva.com\/wp-content\/uploads\/2022\/06\/IMG_2433-200x300.jpg 200w, https:\/\/associationmarinatsvetaeva.com\/wp-content\/uploads\/2022\/06\/IMG_2433-768x1152.jpg 768w, https:\/\/associationmarinatsvetaeva.com\/wp-content\/uploads\/2022\/06\/IMG_2433-1024x1536.jpg 1024w, https:\/\/associationmarinatsvetaeva.com\/wp-content\/uploads\/2022\/06\/IMG_2433-1365x2048.jpg 1365w, https:\/\/associationmarinatsvetaeva.com\/wp-content\/uploads\/2022\/06\/IMG_2433-40x60.jpg 40w, https:\/\/associationmarinatsvetaeva.com\/wp-content\/uploads\/2022\/06\/IMG_2433-scaled.jpg 1707w\" sizes=\"auto, (max-width: 512px) 100vw, 512px\" \/><figcaption>la maison rue de la Tannerie<\/figcaption><\/figure>\n<\/div>\n\n\n<h3 class=\"wp-block-heading\">L&rsquo;HOMMAGE DE MORET A TSVETAEVA<\/h3>\n\n\n\n<p>Gr\u00e2ce \u00e0 la mairie de Moret-sur-Loing, \u00e0 M. Christian Lardier et \u00e0 la contribution des grands Tsv\u00e9taeviens V\u00e9ronique Lossky (Paris IV), Lev Mnoukhin (Moscou) et Zoya Atrokhina (directrice du mus\u00e9e Tsvetaeva de Bolchevo), une plaque comm\u00e9morative fut appos\u00e9e sur le mur de la maison, rue de la Tannerie en 2015.<\/p>\n\n\n\n<figure class=\"wp-block-image size-large\"><img loading=\"lazy\" decoding=\"async\" width=\"1024\" height=\"683\" src=\"https:\/\/associationmarinatsvetaeva.com\/wp-content\/uploads\/2022\/06\/IMG_3086-1024x683.jpg\" alt=\"\" class=\"wp-image-680\" srcset=\"https:\/\/associationmarinatsvetaeva.com\/wp-content\/uploads\/2022\/06\/IMG_3086-1024x683.jpg 1024w, https:\/\/associationmarinatsvetaeva.com\/wp-content\/uploads\/2022\/06\/IMG_3086-300x200.jpg 300w, https:\/\/associationmarinatsvetaeva.com\/wp-content\/uploads\/2022\/06\/IMG_3086-768x512.jpg 768w, https:\/\/associationmarinatsvetaeva.com\/wp-content\/uploads\/2022\/06\/IMG_3086-1536x1024.jpg 1536w, https:\/\/associationmarinatsvetaeva.com\/wp-content\/uploads\/2022\/06\/IMG_3086-2048x1365.jpg 2048w, https:\/\/associationmarinatsvetaeva.com\/wp-content\/uploads\/2022\/06\/IMG_3086-90x60.jpg 90w, https:\/\/associationmarinatsvetaeva.com\/wp-content\/uploads\/2022\/06\/IMG_3086-420x280.jpg 420w\" sizes=\"auto, (max-width: 1024px) 100vw, 1024px\" \/><\/figure>\n\n\n\n<p>En 2018, la mairie d\u00e9cida que la nouvelle m\u00e9diath\u00e8que de la ville porterait le nom de \u00ab\u00a0Marina Tsvetaeva\u00a0\u00bb. Elle fut inaugur\u00e9e le 29 juin 2019.<\/p>\n\n\n<div class=\"wp-block-image\">\n<figure class=\"aligncenter size-large is-resized\"><img loading=\"lazy\" decoding=\"async\" src=\"https:\/\/associationmarinatsvetaeva.com\/wp-content\/uploads\/2022\/06\/IMG_3034-683x1024.jpg\" alt=\"\" class=\"wp-image-697\" width=\"512\" height=\"768\" srcset=\"https:\/\/associationmarinatsvetaeva.com\/wp-content\/uploads\/2022\/06\/IMG_3034-683x1024.jpg 683w, https:\/\/associationmarinatsvetaeva.com\/wp-content\/uploads\/2022\/06\/IMG_3034-200x300.jpg 200w, https:\/\/associationmarinatsvetaeva.com\/wp-content\/uploads\/2022\/06\/IMG_3034-768x1152.jpg 768w, https:\/\/associationmarinatsvetaeva.com\/wp-content\/uploads\/2022\/06\/IMG_3034-1024x1536.jpg 1024w, https:\/\/associationmarinatsvetaeva.com\/wp-content\/uploads\/2022\/06\/IMG_3034-1365x2048.jpg 1365w, https:\/\/associationmarinatsvetaeva.com\/wp-content\/uploads\/2022\/06\/IMG_3034-40x60.jpg 40w, https:\/\/associationmarinatsvetaeva.com\/wp-content\/uploads\/2022\/06\/IMG_3034-scaled.jpg 1707w\" sizes=\"auto, (max-width: 512px) 100vw, 512px\" \/><\/figure>\n<\/div>\n\n\n<p>L&rsquo;artiste Corinne JOACHIM cr\u00e9a pour orner les murs de la m\u00e9diath\u00e8que une sculpture d&rsquo;arbre en c\u00e9ramique et des carreaux de c\u00e9ramique, sur lesquels des vers de Tsvetaeva ont \u00e9t\u00e9 grav\u00e9s, suivant la graphie originale du po\u00e8te. <a href=\"http:\/\/corinnejoachim.free.fr\/sculpture\/Presse.html\">http:\/\/corinnejoachim.free.fr\/sculpture\/Presse.html<\/a><\/p>\n\n\n\n<figure class=\"wp-block-image size-large is-resized\"><img loading=\"lazy\" decoding=\"async\" src=\"https:\/\/associationmarinatsvetaeva.com\/wp-content\/uploads\/2022\/06\/IMG_3018-1024x683.jpg\" alt=\"\" class=\"wp-image-684\" width=\"768\" height=\"512\" srcset=\"https:\/\/associationmarinatsvetaeva.com\/wp-content\/uploads\/2022\/06\/IMG_3018-1024x683.jpg 1024w, https:\/\/associationmarinatsvetaeva.com\/wp-content\/uploads\/2022\/06\/IMG_3018-300x200.jpg 300w, https:\/\/associationmarinatsvetaeva.com\/wp-content\/uploads\/2022\/06\/IMG_3018-768x512.jpg 768w, https:\/\/associationmarinatsvetaeva.com\/wp-content\/uploads\/2022\/06\/IMG_3018-1536x1024.jpg 1536w, https:\/\/associationmarinatsvetaeva.com\/wp-content\/uploads\/2022\/06\/IMG_3018-2048x1365.jpg 2048w, https:\/\/associationmarinatsvetaeva.com\/wp-content\/uploads\/2022\/06\/IMG_3018-90x60.jpg 90w, https:\/\/associationmarinatsvetaeva.com\/wp-content\/uploads\/2022\/06\/IMG_3018-420x280.jpg 420w\" sizes=\"auto, (max-width: 768px) 100vw, 768px\" \/><\/figure>\n\n\n\n<figure class=\"wp-block-image size-large\"><img loading=\"lazy\" decoding=\"async\" width=\"1024\" height=\"683\" src=\"https:\/\/associationmarinatsvetaeva.com\/wp-content\/uploads\/2022\/06\/IMG_3014-1-1024x683.jpg\" alt=\"\" class=\"wp-image-692\" srcset=\"https:\/\/associationmarinatsvetaeva.com\/wp-content\/uploads\/2022\/06\/IMG_3014-1-1024x683.jpg 1024w, https:\/\/associationmarinatsvetaeva.com\/wp-content\/uploads\/2022\/06\/IMG_3014-1-300x200.jpg 300w, https:\/\/associationmarinatsvetaeva.com\/wp-content\/uploads\/2022\/06\/IMG_3014-1-768x512.jpg 768w, https:\/\/associationmarinatsvetaeva.com\/wp-content\/uploads\/2022\/06\/IMG_3014-1-1536x1024.jpg 1536w, https:\/\/associationmarinatsvetaeva.com\/wp-content\/uploads\/2022\/06\/IMG_3014-1-2048x1365.jpg 2048w, https:\/\/associationmarinatsvetaeva.com\/wp-content\/uploads\/2022\/06\/IMG_3014-1-90x60.jpg 90w, https:\/\/associationmarinatsvetaeva.com\/wp-content\/uploads\/2022\/06\/IMG_3014-1-420x280.jpg 420w\" sizes=\"auto, (max-width: 1024px) 100vw, 1024px\" \/><\/figure>\n\n\n\n<p><\/p>\n\n\n\n<figure class=\"wp-block-image size-large\"><img loading=\"lazy\" decoding=\"async\" width=\"1024\" height=\"576\" src=\"https:\/\/associationmarinatsvetaeva.com\/wp-content\/uploads\/2022\/06\/mediatheque-tsvetaeva-1024x576.jpg\" alt=\"\" class=\"wp-image-693\" srcset=\"https:\/\/associationmarinatsvetaeva.com\/wp-content\/uploads\/2022\/06\/mediatheque-tsvetaeva-1024x576.jpg 1024w, https:\/\/associationmarinatsvetaeva.com\/wp-content\/uploads\/2022\/06\/mediatheque-tsvetaeva-300x169.jpg 300w, https:\/\/associationmarinatsvetaeva.com\/wp-content\/uploads\/2022\/06\/mediatheque-tsvetaeva-768x432.jpg 768w, https:\/\/associationmarinatsvetaeva.com\/wp-content\/uploads\/2022\/06\/mediatheque-tsvetaeva-107x60.jpg 107w, https:\/\/associationmarinatsvetaeva.com\/wp-content\/uploads\/2022\/06\/mediatheque-tsvetaeva-840x473.jpg 840w, https:\/\/associationmarinatsvetaeva.com\/wp-content\/uploads\/2022\/06\/mediatheque-tsvetaeva.jpg 1280w\" sizes=\"auto, (max-width: 1024px) 100vw, 1024px\" \/><figcaption>Aleksandra Savigny et Florent Delporte, fondateurs et pr\u00e9sidents de l&rsquo;association Marina Tsvetaeva Etoiles-Averse devant l&rsquo;entr\u00e9e de la m\u00e9diath\u00e8que de Moret-sur-Loing &#8211; Orvanne. <\/figcaption><\/figure>\n","protected":false},"excerpt":{"rendered":"<p>Le s\u00e9jour \u00e0 Moret-sur-Loing, petite ville non loin de Fontainebleau, fut bref, mais non d\u00e9nu\u00e9 d&rsquo;int\u00e9r\u00eats ! Marina Tsvetaeva et son fils Georges y pass\u00e8rent &hellip; <\/p>\n","protected":false},"author":1,"featured_media":0,"parent":0,"menu_order":0,"comment_status":"closed","ping_status":"closed","template":"","meta":{"om_disable_all_campaigns":false,"_monsterinsights_skip_tracking":false,"_monsterinsights_sitenote_active":false,"_monsterinsights_sitenote_note":"","_monsterinsights_sitenote_category":0,"footnotes":""},"class_list":["post-676","page","type-page","status-publish","hentry","latest_post"],"_links":{"self":[{"href":"https:\/\/associationmarinatsvetaeva.com\/index.php?rest_route=\/wp\/v2\/pages\/676","targetHints":{"allow":["GET"]}}],"collection":[{"href":"https:\/\/associationmarinatsvetaeva.com\/index.php?rest_route=\/wp\/v2\/pages"}],"about":[{"href":"https:\/\/associationmarinatsvetaeva.com\/index.php?rest_route=\/wp\/v2\/types\/page"}],"author":[{"embeddable":true,"href":"https:\/\/associationmarinatsvetaeva.com\/index.php?rest_route=\/wp\/v2\/users\/1"}],"replies":[{"embeddable":true,"href":"https:\/\/associationmarinatsvetaeva.com\/index.php?rest_route=%2Fwp%2Fv2%2Fcomments&post=676"}],"version-history":[{"count":14,"href":"https:\/\/associationmarinatsvetaeva.com\/index.php?rest_route=\/wp\/v2\/pages\/676\/revisions"}],"predecessor-version":[{"id":728,"href":"https:\/\/associationmarinatsvetaeva.com\/index.php?rest_route=\/wp\/v2\/pages\/676\/revisions\/728"}],"wp:attachment":[{"href":"https:\/\/associationmarinatsvetaeva.com\/index.php?rest_route=%2Fwp%2Fv2%2Fmedia&parent=676"}],"curies":[{"name":"wp","href":"https:\/\/api.w.org\/{rel}","templated":true}]}}