{"id":647,"date":"2022-06-20T13:19:20","date_gmt":"2022-06-20T11:19:20","guid":{"rendered":"https:\/\/associationmarinatsvetaeva.com\/?page_id=647"},"modified":"2022-06-21T16:02:48","modified_gmt":"2022-06-21T14:02:48","slug":"les-correspondances","status":"publish","type":"page","link":"https:\/\/associationmarinatsvetaeva.com\/?page_id=647","title":{"rendered":"Les correspondances"},"content":{"rendered":"\n<p>Pour Tsvetaeva, la lettre est un moyen de communication indispensable pour rompre les distances et l&rsquo;isolement. Mais les lettres sont aussi un exercice, une oeuvre litt\u00e9raire en soi. Plusieurs preuves \u00e0 cela : Tsvetaeva avait pour habitude d&rsquo;\u00e9crire les lettres tout d&rsquo;abord sur ses carnets avant d&rsquo;en faire une version pour l&rsquo;envoi. Elle entreprit de traduire sa correspondance avec l&rsquo;\u00e9diteur Vichniak (\u00e9ditions H\u00e9licon de Berlin) en fran\u00e7ais et de la faire publier sous le titre des \u00ab\u00a0Nuits florentines\u00a0\u00bb en r\u00e9f\u00e9rence \u00e0 Heinrich Heine. Enfin, si Tsvetaeva privil\u00e9gie ce mode de relation, c&rsquo;est peut-\u00eatre aussi car l&rsquo;\u00e9criture \u00e9pistolaire est la plus \u00e0-m\u00eame de d\u00e9voiler les \u00e2mes. <\/p>\n\n\n\n<p>Le lecteur fran\u00e7ais ne dispose pas de l&rsquo;int\u00e9gralit\u00e9 de la correspondance de Tsvetaeva (qui reste d&rsquo;ailleurs incompl\u00e8te m\u00eame en russe). N\u00e9anmoins, de nombreux volumes ont \u00e9t\u00e9 publi\u00e9s permettant une approche approfondie de sa vie, de son inspiration et de ses relations. <\/p>\n\n\n\n<p>Un des int\u00e9r\u00eats de ces lettres est la vari\u00e9t\u00e9 de ses interlocuteurs : des \u00e9crivains, po\u00e8tes (Rilke, Pasternak&#8230;), des \u00e9diteurs (Slonim, Vichniak, Ivask&#8230;), des membres de sa famille (sa fille, sa soeur), des amis (Anna Teskova&#8230;), des connaissances plus \u00e9loign\u00e9es (V\u00e9ra Bounine, femme d&rsquo;Ivan Bounine&#8230;). Autre int\u00e9r\u00eat majeur: la diversit\u00e9 d&rsquo;informations qu&rsquo;elles rec\u00e8lent. Les lettres sont une mine de renseignements sur sa vie quotidienne, sur son inspiration, mais aussi sur ses sentiments, certaines correspondances \u00e9tant des lettres d&rsquo;amour (voir la correspondance avec Konstantin Rodzevitch)<\/p>\n\n\n\n<h2 class=\"has-large-font-size wp-block-heading\"><strong>CORRESPONDANCES MELANGEES <\/strong><\/h2>\n\n\n\n<p>Dans \u00ab\u00a0Matins b\u00e9nis\u00a0\u00bb, vous trouverez un choix de correspondances \u00e0 partir de 1931. \u00ab\u00a0Vivre dans le feu\u00a0\u00bb retrace toute la vie du po\u00e8te \u00e0 partir d&rsquo;un choix de correspondances. <\/p>\n\n\n\n<figure class=\"wp-block-image size-large\"><img loading=\"lazy\" decoding=\"async\" width=\"1024\" height=\"576\" src=\"https:\/\/associationmarinatsvetaeva.com\/wp-content\/uploads\/2022\/06\/Correspondances-melangees-1024x576.jpg\" alt=\"\" class=\"wp-image-648\" srcset=\"https:\/\/associationmarinatsvetaeva.com\/wp-content\/uploads\/2022\/06\/Correspondances-melangees-1024x576.jpg 1024w, https:\/\/associationmarinatsvetaeva.com\/wp-content\/uploads\/2022\/06\/Correspondances-melangees-300x169.jpg 300w, https:\/\/associationmarinatsvetaeva.com\/wp-content\/uploads\/2022\/06\/Correspondances-melangees-768x432.jpg 768w, https:\/\/associationmarinatsvetaeva.com\/wp-content\/uploads\/2022\/06\/Correspondances-melangees-107x60.jpg 107w, https:\/\/associationmarinatsvetaeva.com\/wp-content\/uploads\/2022\/06\/Correspondances-melangees-840x473.jpg 840w, https:\/\/associationmarinatsvetaeva.com\/wp-content\/uploads\/2022\/06\/Correspondances-melangees.jpg 1280w\" sizes=\"auto, (max-width: 1024px) 100vw, 1024px\" \/><\/figure>\n\n\n\n<h2 class=\"has-large-font-size wp-block-heading\"><strong>CORRESPONDANCE AVEC PASTERNAK<\/strong><\/h2>\n\n\n\n<p class=\"has-medium-font-size\"> Une des correspondances les plus riches avec 200 lettres qui s&rsquo;\u00e9tend de 1922 \u00e0 1936.  <a href=\"https:\/\/editions-syrtes.com\/produit\/correspondance-1922-1936\/\">https:\/\/editions-syrtes.com\/produit\/correspondance-1922-1936\/<\/a><\/p>\n\n\n<div class=\"wp-block-image\">\n<figure class=\"aligncenter size-large is-resized\"><img loading=\"lazy\" decoding=\"async\" src=\"https:\/\/associationmarinatsvetaeva.com\/wp-content\/uploads\/2022\/06\/marina-pasternak-correspondance-768x1024.jpg\" alt=\"\" class=\"wp-image-649\" width=\"384\" height=\"512\" srcset=\"https:\/\/associationmarinatsvetaeva.com\/wp-content\/uploads\/2022\/06\/marina-pasternak-correspondance-768x1024.jpg 768w, https:\/\/associationmarinatsvetaeva.com\/wp-content\/uploads\/2022\/06\/marina-pasternak-correspondance-225x300.jpg 225w, https:\/\/associationmarinatsvetaeva.com\/wp-content\/uploads\/2022\/06\/marina-pasternak-correspondance-1152x1536.jpg 1152w, https:\/\/associationmarinatsvetaeva.com\/wp-content\/uploads\/2022\/06\/marina-pasternak-correspondance-1536x2048.jpg 1536w, https:\/\/associationmarinatsvetaeva.com\/wp-content\/uploads\/2022\/06\/marina-pasternak-correspondance-45x60.jpg 45w, https:\/\/associationmarinatsvetaeva.com\/wp-content\/uploads\/2022\/06\/marina-pasternak-correspondance-scaled.jpg 1920w\" sizes=\"auto, (max-width: 384px) 100vw, 384px\" \/><\/figure>\n<\/div>\n\n\n<h2 class=\"has-large-font-size wp-block-heading\"><strong>CORRESPONDANCE A TROIS : <\/strong><\/h2>\n\n\n\n<h2 class=\"has-large-font-size wp-block-heading\"><strong>RILKE &#8211; TSVETAEVA &#8211; PASTERNAK (1926)<\/strong><\/h2>\n\n\n\n<p class=\"has-medium-font-size\">Cette rencontre \u00e9pistolaire entre ces trois grands po\u00e8tes, l&rsquo;un d\u00e9pressif \u00e0 Moscou, l&rsquo;autre luttant contre un cancer dans le Valais Suisse et la derni\u00e8re br\u00fblant de rencontres et d\u00e9sesp\u00e9rant sur une plage de la c\u00f4te atlantique est un monument de la litt\u00e9rature. <\/p>\n\n\n\n<p class=\"has-medium-font-size\"><a href=\"https:\/\/www.gallimard.fr\/Catalogue\/GALLIMARD\/L-Imaginaire\/Correspondance-a-trois#\">https:\/\/www.gallimard.fr\/Catalogue\/GALLIMARD\/L-Imaginaire\/Correspondance-a-trois#<\/a><\/p>\n\n\n\n<p class=\"has-medium-font-size\"><a href=\"https:\/\/www.payot-rivages.fr\/rivages\/livre\/est-ce-que-tu-maimes-encore-9782743644789#:~:text=%C2%AB%20Je%20t'aime%20et%20je,autre%20chose%20que%20la%20passion.\">https:\/\/www.payot-rivages.fr\/rivages\/livre\/est-ce-que-tu-maimes-encore-9782743644789#:~:text=%C2%AB%20Je%20t&rsquo;aime%20et%20je,autre%20chose%20que%20la%20passion.<\/a><\/p>\n\n\n\n<p> <\/p>\n\n\n\n<figure class=\"wp-block-image size-large\"><img loading=\"lazy\" decoding=\"async\" width=\"1024\" height=\"576\" src=\"https:\/\/associationmarinatsvetaeva.com\/wp-content\/uploads\/2022\/06\/Correspondances-a-Trois--1024x576.jpg\" alt=\"\" class=\"wp-image-650\" srcset=\"https:\/\/associationmarinatsvetaeva.com\/wp-content\/uploads\/2022\/06\/Correspondances-a-Trois--1024x576.jpg 1024w, https:\/\/associationmarinatsvetaeva.com\/wp-content\/uploads\/2022\/06\/Correspondances-a-Trois--300x169.jpg 300w, https:\/\/associationmarinatsvetaeva.com\/wp-content\/uploads\/2022\/06\/Correspondances-a-Trois--768x432.jpg 768w, https:\/\/associationmarinatsvetaeva.com\/wp-content\/uploads\/2022\/06\/Correspondances-a-Trois--107x60.jpg 107w, https:\/\/associationmarinatsvetaeva.com\/wp-content\/uploads\/2022\/06\/Correspondances-a-Trois--840x473.jpg 840w, https:\/\/associationmarinatsvetaeva.com\/wp-content\/uploads\/2022\/06\/Correspondances-a-Trois-.jpg 1280w\" sizes=\"auto, (max-width: 1024px) 100vw, 1024px\" \/><\/figure>\n\n\n\n<h3 class=\"has-large-font-size wp-block-heading\"><strong>LETTRES A KONSTANTIN RODZEVITCH (1923)<\/strong><\/h3>\n\n\n\n<p>Peu apr\u00e8s son arriv\u00e9e \u00e0 Prague,  en 1923, Tsvetaeva tomba follement amoureuse d&rsquo;un ami de son mari, Konstantin Rodzevitch. Passion aussi intense qu&rsquo;\u00e9ph\u00e9m\u00e8re qui s&rsquo;inscrit dans 33 lettres enflamm\u00e9es.<\/p>\n\n\n\n<figure class=\"wp-block-image size-large\"><img loading=\"lazy\" decoding=\"async\" width=\"1024\" height=\"576\" src=\"https:\/\/associationmarinatsvetaeva.com\/wp-content\/uploads\/2022\/06\/Correspondances-avec-Rodzevitch-1024x576.jpg\" alt=\"\" class=\"wp-image-655\" srcset=\"https:\/\/associationmarinatsvetaeva.com\/wp-content\/uploads\/2022\/06\/Correspondances-avec-Rodzevitch-1024x576.jpg 1024w, https:\/\/associationmarinatsvetaeva.com\/wp-content\/uploads\/2022\/06\/Correspondances-avec-Rodzevitch-300x169.jpg 300w, https:\/\/associationmarinatsvetaeva.com\/wp-content\/uploads\/2022\/06\/Correspondances-avec-Rodzevitch-768x432.jpg 768w, https:\/\/associationmarinatsvetaeva.com\/wp-content\/uploads\/2022\/06\/Correspondances-avec-Rodzevitch-107x60.jpg 107w, https:\/\/associationmarinatsvetaeva.com\/wp-content\/uploads\/2022\/06\/Correspondances-avec-Rodzevitch-840x473.jpg 840w, https:\/\/associationmarinatsvetaeva.com\/wp-content\/uploads\/2022\/06\/Correspondances-avec-Rodzevitch.jpg 1280w\" sizes=\"auto, (max-width: 1024px) 100vw, 1024px\" \/><figcaption>Un tr\u00e8s beau recueil aux \u00e9ditions Cl\u00e9mence Hiver avec une pr\u00e9face et des notes de Nikita Struve<\/figcaption><\/figure>\n\n\n\n<h2 class=\"has-large-font-size wp-block-heading\"><strong>LETTRES A NICOLAS GRONSKI<\/strong><\/h2>\n\n\n\n<p>Tsvetaeva se passionna pour ce jeune homme dou\u00e9, qui \u00e9tait son voisin \u00e0 Meudon. Ils avaient vingt ans d&rsquo;\u00e9cart mais partageaient la passion de la po\u00e9sie et Marina joua le r\u00f4le de Pygmalion. La mort pr\u00e9matur\u00e9e du jeune po\u00e8te sous les roues du m\u00e9tro \u00e0 la station Pasteur en 1934 fut pour elle une douleur immense.   <\/p>\n\n\n\n<p><a href=\"https:\/\/editions-syrtes.com\/produit\/cet-ete-la-correspondance-1928-1933-nicolas-gronski-marina-tsvetaeva\/\">https:\/\/editions-syrtes.com\/produit\/cet-ete-la-correspondance-1928-1933-nicolas-gronski-marina-tsvetaeva\/<\/a><\/p>\n\n\n\n<figure class=\"wp-block-image size-large\"><img loading=\"lazy\" decoding=\"async\" width=\"1024\" height=\"576\" src=\"https:\/\/associationmarinatsvetaeva.com\/wp-content\/uploads\/2022\/06\/Planche-Gronski-1024x576.jpg\" alt=\"\" class=\"wp-image-661\" srcset=\"https:\/\/associationmarinatsvetaeva.com\/wp-content\/uploads\/2022\/06\/Planche-Gronski-1024x576.jpg 1024w, https:\/\/associationmarinatsvetaeva.com\/wp-content\/uploads\/2022\/06\/Planche-Gronski-300x169.jpg 300w, https:\/\/associationmarinatsvetaeva.com\/wp-content\/uploads\/2022\/06\/Planche-Gronski-768x432.jpg 768w, https:\/\/associationmarinatsvetaeva.com\/wp-content\/uploads\/2022\/06\/Planche-Gronski-107x60.jpg 107w, https:\/\/associationmarinatsvetaeva.com\/wp-content\/uploads\/2022\/06\/Planche-Gronski-840x473.jpg 840w, https:\/\/associationmarinatsvetaeva.com\/wp-content\/uploads\/2022\/06\/Planche-Gronski.jpg 1280w\" sizes=\"auto, (max-width: 1024px) 100vw, 1024px\" \/><\/figure>\n\n\n\n<h2 class=\"has-large-font-size wp-block-heading\"><strong>LETTRE A ANNA TESKOVA <\/strong><\/h2>\n\n\n\n<p>De tous ses interlocutrices, Anna Teskova qu&rsquo;elle rencontra durant son s\u00e9jour en Tch\u00e9coslovaquie fut la plus fid\u00e8le. La correspondance couvre toute la p\u00e9riode de l&rsquo;\u00e9migration et est un t\u00e9moignage unique de la vie de Marina. <\/p>\n\n\n\n<p><a href=\"https:\/\/editions-syrtes.com\/produit\/lettres-a-anna-marina-tsvetaeva\/\">https:\/\/editions-syrtes.com\/produit\/lettres-a-anna-marina-tsvetaeva\/<\/a><\/p>\n\n\n<div class=\"wp-block-image\">\n<figure class=\"aligncenter size-large\"><img loading=\"lazy\" decoding=\"async\" width=\"1024\" height=\"576\" src=\"https:\/\/associationmarinatsvetaeva.com\/wp-content\/uploads\/2022\/06\/Lettres-a-Anna-1024x576.jpg\" alt=\"\" class=\"wp-image-663\" srcset=\"https:\/\/associationmarinatsvetaeva.com\/wp-content\/uploads\/2022\/06\/Lettres-a-Anna-1024x576.jpg 1024w, https:\/\/associationmarinatsvetaeva.com\/wp-content\/uploads\/2022\/06\/Lettres-a-Anna-300x169.jpg 300w, https:\/\/associationmarinatsvetaeva.com\/wp-content\/uploads\/2022\/06\/Lettres-a-Anna-768x432.jpg 768w, https:\/\/associationmarinatsvetaeva.com\/wp-content\/uploads\/2022\/06\/Lettres-a-Anna-107x60.jpg 107w, https:\/\/associationmarinatsvetaeva.com\/wp-content\/uploads\/2022\/06\/Lettres-a-Anna-840x473.jpg 840w, https:\/\/associationmarinatsvetaeva.com\/wp-content\/uploads\/2022\/06\/Lettres-a-Anna.jpg 1280w\" sizes=\"auto, (max-width: 1024px) 100vw, 1024px\" \/><\/figure>\n<\/div>\n\n\n<h2 class=\"has-large-font-size wp-block-heading\">LETTRE DU GRENIER DE WILNO<\/h2>\n\n\n\n<p>Il existe des miracles. La d\u00e9couverte de ces lettres peut s&rsquo;y apparenter. Un paquet de lettres de Tsvetaeva \u00e0 Natacha Hajdukiewicz fut cach\u00e9 dans un grenier \u00e0 Vilnius pour \u00e9chapper aux perquisitions du NKVD. Et voil\u00e0 ces lettres de 1934\/1935 (a priori la correspondance dura jusqu&rsquo;en 1939) qui r\u00e9apparaissent en 2001.<\/p>\n\n\n\n<p><a href=\"https:\/\/editions-syrtes.com\/produit\/lettres-du-grenier-de-wilno-marina-tsvetaeva\/\">https:\/\/editions-syrtes.com\/produit\/lettres-du-grenier-de-wilno-marina-tsvetaeva\/<\/a><\/p>\n\n\n<div class=\"wp-block-image\">\n<figure class=\"aligncenter size-large is-resized\"><img loading=\"lazy\" decoding=\"async\" src=\"https:\/\/associationmarinatsvetaeva.com\/wp-content\/uploads\/2022\/06\/lETTRES-DU-GRNEIER-DE-WILNO-1-555x1024.jpg\" alt=\"\" class=\"wp-image-667\" width=\"278\" height=\"512\" srcset=\"https:\/\/associationmarinatsvetaeva.com\/wp-content\/uploads\/2022\/06\/lETTRES-DU-GRNEIER-DE-WILNO-1-555x1024.jpg 555w, https:\/\/associationmarinatsvetaeva.com\/wp-content\/uploads\/2022\/06\/lETTRES-DU-GRNEIER-DE-WILNO-1-163x300.jpg 163w, https:\/\/associationmarinatsvetaeva.com\/wp-content\/uploads\/2022\/06\/lETTRES-DU-GRNEIER-DE-WILNO-1-768x1416.jpg 768w, https:\/\/associationmarinatsvetaeva.com\/wp-content\/uploads\/2022\/06\/lETTRES-DU-GRNEIER-DE-WILNO-1-833x1536.jpg 833w, https:\/\/associationmarinatsvetaeva.com\/wp-content\/uploads\/2022\/06\/lETTRES-DU-GRNEIER-DE-WILNO-1-33x60.jpg 33w, https:\/\/associationmarinatsvetaeva.com\/wp-content\/uploads\/2022\/06\/lETTRES-DU-GRNEIER-DE-WILNO-1.jpg 1086w\" sizes=\"auto, (max-width: 278px) 100vw, 278px\" \/><\/figure>\n<\/div>\n\n\n<h2 class=\"has-large-font-size wp-block-heading\">NEUF LETTRES ou \u00ab\u00a0NUITS FLORENTINES\u00a0\u00bb <\/h2>\n\n\n\n<p>Tsvetaeva rencontra l&rsquo;\u00e9diteur Abraham Vichniak lors de son passage \u00e0 Berlin en 1922. Marina eut un coup de coeur aussi violent qu&rsquo;\u00e9ph\u00e9m\u00e8re pour cet homme de 27 ans. Quelques ann\u00e9es apr\u00e8s, elle d\u00e9cida de traduire ces 11 lettres en fran\u00e7ais dans un but d&rsquo;\u00e9dition qui ne vit jamais le jour. <\/p>\n\n\n\n<p> <a href=\"http:\/\/margueritewaknine.free.fr\/entree.htm\">http:\/\/margueritewaknine.free.fr\/entree.htm<\/a><\/p>\n\n\n\n<figure class=\"wp-block-image size-large\"><img loading=\"lazy\" decoding=\"async\" width=\"1024\" height=\"576\" src=\"https:\/\/associationmarinatsvetaeva.com\/wp-content\/uploads\/2022\/06\/nuits-florentines-1-1024x576.jpg\" alt=\"\" class=\"wp-image-673\" srcset=\"https:\/\/associationmarinatsvetaeva.com\/wp-content\/uploads\/2022\/06\/nuits-florentines-1-1024x576.jpg 1024w, https:\/\/associationmarinatsvetaeva.com\/wp-content\/uploads\/2022\/06\/nuits-florentines-1-300x169.jpg 300w, https:\/\/associationmarinatsvetaeva.com\/wp-content\/uploads\/2022\/06\/nuits-florentines-1-768x432.jpg 768w, https:\/\/associationmarinatsvetaeva.com\/wp-content\/uploads\/2022\/06\/nuits-florentines-1-107x60.jpg 107w, https:\/\/associationmarinatsvetaeva.com\/wp-content\/uploads\/2022\/06\/nuits-florentines-1-840x473.jpg 840w, https:\/\/associationmarinatsvetaeva.com\/wp-content\/uploads\/2022\/06\/nuits-florentines-1.jpg 1280w\" sizes=\"auto, (max-width: 1024px) 100vw, 1024px\" \/><\/figure>\n\n\n\n<p><\/p>\n","protected":false},"excerpt":{"rendered":"<p>Pour Tsvetaeva, la lettre est un moyen de communication indispensable pour rompre les distances et l&rsquo;isolement. Mais les lettres sont aussi un exercice, une oeuvre &hellip; <\/p>\n","protected":false},"author":1,"featured_media":0,"parent":0,"menu_order":0,"comment_status":"closed","ping_status":"closed","template":"","meta":{"om_disable_all_campaigns":false,"_monsterinsights_skip_tracking":false,"_monsterinsights_sitenote_active":false,"_monsterinsights_sitenote_note":"","_monsterinsights_sitenote_category":0,"footnotes":""},"class_list":["post-647","page","type-page","status-publish","hentry","latest_post"],"_links":{"self":[{"href":"https:\/\/associationmarinatsvetaeva.com\/index.php?rest_route=\/wp\/v2\/pages\/647","targetHints":{"allow":["GET"]}}],"collection":[{"href":"https:\/\/associationmarinatsvetaeva.com\/index.php?rest_route=\/wp\/v2\/pages"}],"about":[{"href":"https:\/\/associationmarinatsvetaeva.com\/index.php?rest_route=\/wp\/v2\/types\/page"}],"author":[{"embeddable":true,"href":"https:\/\/associationmarinatsvetaeva.com\/index.php?rest_route=\/wp\/v2\/users\/1"}],"replies":[{"embeddable":true,"href":"https:\/\/associationmarinatsvetaeva.com\/index.php?rest_route=%2Fwp%2Fv2%2Fcomments&post=647"}],"version-history":[{"count":9,"href":"https:\/\/associationmarinatsvetaeva.com\/index.php?rest_route=\/wp\/v2\/pages\/647\/revisions"}],"predecessor-version":[{"id":674,"href":"https:\/\/associationmarinatsvetaeva.com\/index.php?rest_route=\/wp\/v2\/pages\/647\/revisions\/674"}],"wp:attachment":[{"href":"https:\/\/associationmarinatsvetaeva.com\/index.php?rest_route=%2Fwp%2Fv2%2Fmedia&parent=647"}],"curies":[{"name":"wp","href":"https:\/\/api.w.org\/{rel}","templated":true}]}}