{"id":639,"date":"2022-06-19T16:08:09","date_gmt":"2022-06-19T14:08:09","guid":{"rendered":"https:\/\/associationmarinatsvetaeva.com\/?page_id=639"},"modified":"2022-06-19T16:08:09","modified_gmt":"2022-06-19T14:08:09","slug":"rainer-maria-rilke-1875-1926","status":"publish","type":"page","link":"https:\/\/associationmarinatsvetaeva.com\/?page_id=639","title":{"rendered":"Rainer Maria Rilke (1875-1926)"},"content":{"rendered":"\n<p>Il y a peu de personnes qui ont autant compt\u00e9 dans la vie de Marina Tsvetaeva que le po\u00e8te de langue allemande Rainer Maria Rilke. Ils ne se rencontr\u00e8rent jamais et leur correspondance, tout aussi incroyable f\u00fbt-elle, ne dura que quelques mois, interrompue par la mort pr\u00e9matur\u00e9e de Rilke. <\/p>\n\n\n\n<figure class=\"wp-block-image size-large\"><img loading=\"lazy\" decoding=\"async\" width=\"1024\" height=\"576\" src=\"https:\/\/associationmarinatsvetaeva.com\/wp-content\/uploads\/2022\/06\/Rilke-Tsvetaeva-1024x576.jpg\" alt=\"\" class=\"wp-image-640\" srcset=\"https:\/\/associationmarinatsvetaeva.com\/wp-content\/uploads\/2022\/06\/Rilke-Tsvetaeva-1024x576.jpg 1024w, https:\/\/associationmarinatsvetaeva.com\/wp-content\/uploads\/2022\/06\/Rilke-Tsvetaeva-300x169.jpg 300w, https:\/\/associationmarinatsvetaeva.com\/wp-content\/uploads\/2022\/06\/Rilke-Tsvetaeva-768x432.jpg 768w, https:\/\/associationmarinatsvetaeva.com\/wp-content\/uploads\/2022\/06\/Rilke-Tsvetaeva-107x60.jpg 107w, https:\/\/associationmarinatsvetaeva.com\/wp-content\/uploads\/2022\/06\/Rilke-Tsvetaeva-840x473.jpg 840w, https:\/\/associationmarinatsvetaeva.com\/wp-content\/uploads\/2022\/06\/Rilke-Tsvetaeva.jpg 1280w\" sizes=\"auto, (max-width: 1024px) 100vw, 1024px\" \/><\/figure>\n","protected":false},"excerpt":{"rendered":"<p>Il y a peu de personnes qui ont autant compt\u00e9 dans la vie de Marina Tsvetaeva que le po\u00e8te de langue allemande Rainer Maria Rilke. &hellip; <\/p>\n","protected":false},"author":1,"featured_media":0,"parent":0,"menu_order":0,"comment_status":"closed","ping_status":"closed","template":"","meta":{"om_disable_all_campaigns":false,"_monsterinsights_skip_tracking":false,"_monsterinsights_sitenote_active":false,"_monsterinsights_sitenote_note":"","_monsterinsights_sitenote_category":0,"footnotes":""},"class_list":["post-639","page","type-page","status-publish","hentry","latest_post"],"_links":{"self":[{"href":"https:\/\/associationmarinatsvetaeva.com\/index.php?rest_route=\/wp\/v2\/pages\/639","targetHints":{"allow":["GET"]}}],"collection":[{"href":"https:\/\/associationmarinatsvetaeva.com\/index.php?rest_route=\/wp\/v2\/pages"}],"about":[{"href":"https:\/\/associationmarinatsvetaeva.com\/index.php?rest_route=\/wp\/v2\/types\/page"}],"author":[{"embeddable":true,"href":"https:\/\/associationmarinatsvetaeva.com\/index.php?rest_route=\/wp\/v2\/users\/1"}],"replies":[{"embeddable":true,"href":"https:\/\/associationmarinatsvetaeva.com\/index.php?rest_route=%2Fwp%2Fv2%2Fcomments&post=639"}],"version-history":[{"count":1,"href":"https:\/\/associationmarinatsvetaeva.com\/index.php?rest_route=\/wp\/v2\/pages\/639\/revisions"}],"predecessor-version":[{"id":641,"href":"https:\/\/associationmarinatsvetaeva.com\/index.php?rest_route=\/wp\/v2\/pages\/639\/revisions\/641"}],"wp:attachment":[{"href":"https:\/\/associationmarinatsvetaeva.com\/index.php?rest_route=%2Fwp%2Fv2%2Fmedia&parent=639"}],"curies":[{"name":"wp","href":"https:\/\/api.w.org\/{rel}","templated":true}]}}