{"id":628,"date":"2022-06-19T13:14:08","date_gmt":"2022-06-19T11:14:08","guid":{"rendered":"https:\/\/associationmarinatsvetaeva.com\/?page_id=628"},"modified":"2022-06-19T23:46:32","modified_gmt":"2022-06-19T21:46:32","slug":"marina-en-france","status":"publish","type":"page","link":"https:\/\/associationmarinatsvetaeva.com\/?page_id=628","title":{"rendered":"Marina en France"},"content":{"rendered":"\n<p>A trois reprises, Marina Tsvetaeva se rendit en France. En 1906, l&rsquo;adolescente passa un \u00e9t\u00e9 \u00e0 Paris o\u00f9 elle suivit des cours \u00e0 la Sorbonne. En 1912, Paris et la France furent au programme du voyage de noces des jeunes mari\u00e9s Marina et Sergue\u00ef. <\/p>\n\n\n\n<p>Mais la p\u00e9riode \u00ab\u00a0d&rsquo;apr\u00e8s la Russie\u00a0\u00bb, selon les termes de Tsvetaeva, refusant le mot d&rsquo;\u00e9migration, est la plus longue. De 1925 \u00e0 1939, la famille Tsvetaeva-Efron v\u00e9cut dans la banlieue sud de Paris apr\u00e8s un court s\u00e9jour \u00e0 leur arriv\u00e9e rue Rouvet dans le XIXe arrondissement, o\u00f9 Tsvetaeva et ses enfants partag\u00e8rent un appartement d&rsquo;amis.<\/p>\n\n\n\n<figure class=\"wp-block-image size-large\"><img loading=\"lazy\" decoding=\"async\" width=\"1024\" height=\"576\" src=\"https:\/\/associationmarinatsvetaeva.com\/wp-content\/uploads\/2022\/06\/Les-dates-en-France-1024x576.jpg\" alt=\"\" class=\"wp-image-630\" srcset=\"https:\/\/associationmarinatsvetaeva.com\/wp-content\/uploads\/2022\/06\/Les-dates-en-France-1024x576.jpg 1024w, https:\/\/associationmarinatsvetaeva.com\/wp-content\/uploads\/2022\/06\/Les-dates-en-France-300x169.jpg 300w, https:\/\/associationmarinatsvetaeva.com\/wp-content\/uploads\/2022\/06\/Les-dates-en-France-768x432.jpg 768w, https:\/\/associationmarinatsvetaeva.com\/wp-content\/uploads\/2022\/06\/Les-dates-en-France-107x60.jpg 107w, https:\/\/associationmarinatsvetaeva.com\/wp-content\/uploads\/2022\/06\/Les-dates-en-France-840x473.jpg 840w, https:\/\/associationmarinatsvetaeva.com\/wp-content\/uploads\/2022\/06\/Les-dates-en-France.jpg 1280w\" sizes=\"auto, (max-width: 1024px) 100vw, 1024px\" \/><\/figure>\n\n\n\n<figure class=\"wp-block-image size-full\"><img loading=\"lazy\" decoding=\"async\" width=\"957\" height=\"663\" src=\"https:\/\/associationmarinatsvetaeva.com\/wp-content\/uploads\/2022\/06\/Hotel-Innova-noir-et-blanc.jpg\" alt=\"\" class=\"wp-image-629\" srcset=\"https:\/\/associationmarinatsvetaeva.com\/wp-content\/uploads\/2022\/06\/Hotel-Innova-noir-et-blanc.jpg 957w, https:\/\/associationmarinatsvetaeva.com\/wp-content\/uploads\/2022\/06\/Hotel-Innova-noir-et-blanc-300x208.jpg 300w, https:\/\/associationmarinatsvetaeva.com\/wp-content\/uploads\/2022\/06\/Hotel-Innova-noir-et-blanc-768x532.jpg 768w, https:\/\/associationmarinatsvetaeva.com\/wp-content\/uploads\/2022\/06\/Hotel-Innova-noir-et-blanc-87x60.jpg 87w\" sizes=\"auto, (max-width: 957px) 100vw, 957px\" \/><figcaption>Le dernier lieu o\u00f9 r\u00e9sid\u00e8rent Marina et son fils avant leur retour en Russie<\/figcaption><\/figure>\n\n\n\n<p>Durant toutes ces ann\u00e9es, Marina Tsvetaeva trouva des refuges, o\u00f9 elle passa quelques semaines de vacances. <\/p>\n\n\n\n<ul class=\"wp-block-list\"><li>Saint-Gilles-Croix de Vie (1926)<\/li><li>Royan &#8211; Pontaillac (1928)<\/li><li>Saint-Laurent (Saint-Pierre en Faucigny) en Haute-Savoie (1930)<\/li><li>La Favi\u00e8re (pr\u00e8s de Bormes-les-Mimosas) (1935)<\/li><li>Moret-sur-Loing (1936)<\/li><li>Saint-Pierre en Faucigny (1936)<\/li><li>Lacanau (1937)<\/li><li>Dives-Sur-Mer (1938)<\/li><\/ul>\n\n\n\n<figure class=\"wp-block-image size-large\"><img loading=\"lazy\" decoding=\"async\" width=\"1024\" height=\"683\" src=\"https:\/\/associationmarinatsvetaeva.com\/wp-content\/uploads\/2022\/06\/IMG_3355-1024x683.jpg\" alt=\"\" class=\"wp-image-637\" srcset=\"https:\/\/associationmarinatsvetaeva.com\/wp-content\/uploads\/2022\/06\/IMG_3355-1024x683.jpg 1024w, https:\/\/associationmarinatsvetaeva.com\/wp-content\/uploads\/2022\/06\/IMG_3355-300x200.jpg 300w, https:\/\/associationmarinatsvetaeva.com\/wp-content\/uploads\/2022\/06\/IMG_3355-768x512.jpg 768w, https:\/\/associationmarinatsvetaeva.com\/wp-content\/uploads\/2022\/06\/IMG_3355-1536x1024.jpg 1536w, https:\/\/associationmarinatsvetaeva.com\/wp-content\/uploads\/2022\/06\/IMG_3355-2048x1365.jpg 2048w, https:\/\/associationmarinatsvetaeva.com\/wp-content\/uploads\/2022\/06\/IMG_3355-90x60.jpg 90w, https:\/\/associationmarinatsvetaeva.com\/wp-content\/uploads\/2022\/06\/IMG_3355-420x280.jpg 420w\" sizes=\"auto, (max-width: 1024px) 100vw, 1024px\" \/><figcaption>Statue de Marina Tsvetaeva \u00e0 Saint-Gilles-Croix-de-Vie par le sculpteur Zourab Tsereteli<\/figcaption><\/figure>\n","protected":false},"excerpt":{"rendered":"<p>A trois reprises, Marina Tsvetaeva se rendit en France. En 1906, l&rsquo;adolescente passa un \u00e9t\u00e9 \u00e0 Paris o\u00f9 elle suivit des cours \u00e0 la Sorbonne. &hellip; <\/p>\n","protected":false},"author":1,"featured_media":0,"parent":0,"menu_order":0,"comment_status":"closed","ping_status":"closed","template":"","meta":{"om_disable_all_campaigns":false,"_monsterinsights_skip_tracking":false,"_monsterinsights_sitenote_active":false,"_monsterinsights_sitenote_note":"","_monsterinsights_sitenote_category":0,"footnotes":""},"class_list":["post-628","page","type-page","status-publish","hentry","latest_post"],"_links":{"self":[{"href":"https:\/\/associationmarinatsvetaeva.com\/index.php?rest_route=\/wp\/v2\/pages\/628","targetHints":{"allow":["GET"]}}],"collection":[{"href":"https:\/\/associationmarinatsvetaeva.com\/index.php?rest_route=\/wp\/v2\/pages"}],"about":[{"href":"https:\/\/associationmarinatsvetaeva.com\/index.php?rest_route=\/wp\/v2\/types\/page"}],"author":[{"embeddable":true,"href":"https:\/\/associationmarinatsvetaeva.com\/index.php?rest_route=\/wp\/v2\/users\/1"}],"replies":[{"embeddable":true,"href":"https:\/\/associationmarinatsvetaeva.com\/index.php?rest_route=%2Fwp%2Fv2%2Fcomments&post=628"}],"version-history":[{"count":4,"href":"https:\/\/associationmarinatsvetaeva.com\/index.php?rest_route=\/wp\/v2\/pages\/628\/revisions"}],"predecessor-version":[{"id":644,"href":"https:\/\/associationmarinatsvetaeva.com\/index.php?rest_route=\/wp\/v2\/pages\/628\/revisions\/644"}],"wp:attachment":[{"href":"https:\/\/associationmarinatsvetaeva.com\/index.php?rest_route=%2Fwp%2Fv2%2Fmedia&parent=628"}],"curies":[{"name":"wp","href":"https:\/\/api.w.org\/{rel}","templated":true}]}}