{"id":527,"date":"2022-06-09T12:25:14","date_gmt":"2022-06-09T10:25:14","guid":{"rendered":"https:\/\/associationmarinatsvetaeva.com\/?page_id=527"},"modified":"2022-06-14T11:25:03","modified_gmt":"2022-06-14T09:25:03","slug":"le-monde-de-marina-tsvetaeva","status":"publish","type":"page","link":"https:\/\/associationmarinatsvetaeva.com\/?page_id=527","title":{"rendered":"Le monde de Marina Tsvetaeva"},"content":{"rendered":"\n<p>On ne peut saisir la richesse de ce po\u00e8te sans s&rsquo;int\u00e9resser \u00e0 son \u00ab\u00a0monde\u00a0\u00bb. Qui elle a aim\u00e9, admir\u00e9, rencontr\u00e9&#8230; Avec qui elle a collabor\u00e9&#8230; C&rsquo;est pourquoi nous vous proposons de d\u00e9couvrir certaines personnalit\u00e9s qui ont jou\u00e9 un r\u00f4le dans sa vie.<\/p>\n\n\n<div class=\"wp-block-image\">\n<figure class=\"aligncenter size-large\"><img loading=\"lazy\" decoding=\"async\" width=\"1024\" height=\"576\" src=\"https:\/\/associationmarinatsvetaeva.com\/wp-content\/uploads\/2022\/06\/le-monde-de-tsvetaeva-les-poetes-2-1024x576.jpg\" alt=\"\" class=\"wp-image-590\" srcset=\"https:\/\/associationmarinatsvetaeva.com\/wp-content\/uploads\/2022\/06\/le-monde-de-tsvetaeva-les-poetes-2-1024x576.jpg 1024w, https:\/\/associationmarinatsvetaeva.com\/wp-content\/uploads\/2022\/06\/le-monde-de-tsvetaeva-les-poetes-2-300x169.jpg 300w, https:\/\/associationmarinatsvetaeva.com\/wp-content\/uploads\/2022\/06\/le-monde-de-tsvetaeva-les-poetes-2-768x432.jpg 768w, https:\/\/associationmarinatsvetaeva.com\/wp-content\/uploads\/2022\/06\/le-monde-de-tsvetaeva-les-poetes-2-107x60.jpg 107w, https:\/\/associationmarinatsvetaeva.com\/wp-content\/uploads\/2022\/06\/le-monde-de-tsvetaeva-les-poetes-2-840x473.jpg 840w, https:\/\/associationmarinatsvetaeva.com\/wp-content\/uploads\/2022\/06\/le-monde-de-tsvetaeva-les-poetes-2.jpg 1280w\" sizes=\"auto, (max-width: 1024px) 100vw, 1024px\" \/><\/figure>\n<\/div>","protected":false},"excerpt":{"rendered":"<p>On ne peut saisir la richesse de ce po\u00e8te sans s&rsquo;int\u00e9resser \u00e0 son \u00ab\u00a0monde\u00a0\u00bb. Qui elle a aim\u00e9, admir\u00e9, rencontr\u00e9&#8230; Avec qui elle a collabor\u00e9&#8230; &hellip; <\/p>\n","protected":false},"author":1,"featured_media":0,"parent":0,"menu_order":0,"comment_status":"closed","ping_status":"closed","template":"","meta":{"om_disable_all_campaigns":false,"_monsterinsights_skip_tracking":false,"_monsterinsights_sitenote_active":false,"_monsterinsights_sitenote_note":"","_monsterinsights_sitenote_category":0,"footnotes":""},"class_list":["post-527","page","type-page","status-publish","hentry","latest_post"],"_links":{"self":[{"href":"https:\/\/associationmarinatsvetaeva.com\/index.php?rest_route=\/wp\/v2\/pages\/527","targetHints":{"allow":["GET"]}}],"collection":[{"href":"https:\/\/associationmarinatsvetaeva.com\/index.php?rest_route=\/wp\/v2\/pages"}],"about":[{"href":"https:\/\/associationmarinatsvetaeva.com\/index.php?rest_route=\/wp\/v2\/types\/page"}],"author":[{"embeddable":true,"href":"https:\/\/associationmarinatsvetaeva.com\/index.php?rest_route=\/wp\/v2\/users\/1"}],"replies":[{"embeddable":true,"href":"https:\/\/associationmarinatsvetaeva.com\/index.php?rest_route=%2Fwp%2Fv2%2Fcomments&post=527"}],"version-history":[{"count":3,"href":"https:\/\/associationmarinatsvetaeva.com\/index.php?rest_route=\/wp\/v2\/pages\/527\/revisions"}],"predecessor-version":[{"id":591,"href":"https:\/\/associationmarinatsvetaeva.com\/index.php?rest_route=\/wp\/v2\/pages\/527\/revisions\/591"}],"wp:attachment":[{"href":"https:\/\/associationmarinatsvetaeva.com\/index.php?rest_route=%2Fwp%2Fv2%2Fmedia&parent=527"}],"curies":[{"name":"wp","href":"https:\/\/api.w.org\/{rel}","templated":true}]}}