{"id":393,"date":"2022-05-11T12:31:39","date_gmt":"2022-05-11T10:31:39","guid":{"rendered":"https:\/\/associationmarinatsvetaeva.com\/?page_id=393"},"modified":"2022-05-12T12:44:31","modified_gmt":"2022-05-12T10:44:31","slug":"spectacles","status":"publish","type":"page","link":"https:\/\/associationmarinatsvetaeva.com\/?page_id=393","title":{"rendered":"Spectacles"},"content":{"rendered":"\t\t<div data-elementor-type=\"wp-page\" data-elementor-id=\"393\" class=\"elementor elementor-393\">\n\t\t\t\t\t\t\t\t\t<section class=\"elementor-section elementor-top-section elementor-element elementor-element-51b1fbe elementor-section-boxed elementor-section-height-default elementor-section-height-default\" data-id=\"51b1fbe\" data-element_type=\"section\">\n\t\t\t\t\t\t<div class=\"elementor-container elementor-column-gap-default\">\n\t\t\t\t\t<div class=\"elementor-column elementor-col-100 elementor-top-column elementor-element elementor-element-2fe46b12\" data-id=\"2fe46b12\" data-element_type=\"column\">\n\t\t\t<div class=\"elementor-widget-wrap elementor-element-populated\">\n\t\t\t\t\t\t\t\t<div class=\"elementor-element elementor-element-3dd0662e elementor-widget elementor-widget-text-editor\" data-id=\"3dd0662e\" data-element_type=\"widget\" data-widget_type=\"text-editor.default\">\n\t\t\t\t<div class=\"elementor-widget-container\">\n\t\t\t<style>\/*! elementor - v3.6.2 - 04-04-2022 *\/\n.elementor-widget-text-editor.elementor-drop-cap-view-stacked .elementor-drop-cap{background-color:#818a91;color:#fff}.elementor-widget-text-editor.elementor-drop-cap-view-framed .elementor-drop-cap{color:#818a91;border:3px solid;background-color:transparent}.elementor-widget-text-editor:not(.elementor-drop-cap-view-default) .elementor-drop-cap{margin-top:8px}.elementor-widget-text-editor:not(.elementor-drop-cap-view-default) .elementor-drop-cap-letter{width:1em;height:1em}.elementor-widget-text-editor .elementor-drop-cap{float:left;text-align:center;line-height:1;font-size:50px}.elementor-widget-text-editor .elementor-drop-cap-letter{display:inline-block}<\/style>\t\t\t\t<p><!-- wp:image --><\/p><figure class=\"wp-block-image\"><a href=\"https:\/\/www.facebook.com\/events\/557269992282370?ref=newsfeed\">https:\/\/www.facebook.com\/events\/557269992282370?ref=newsfeed<\/a><img loading=\"lazy\" decoding=\"async\" class=\"alignnone size-medium wp-image-427\" src=\"http:\/\/associationmarinatsvetaeva.com\/wp-content\/uploads\/2022\/05\/photos-psectacles-gerards-daubanes-300x225.jpg\" alt=\"\" width=\"300\" height=\"225\" srcset=\"https:\/\/associationmarinatsvetaeva.com\/wp-content\/uploads\/2022\/05\/photos-psectacles-gerards-daubanes-300x225.jpg 300w, https:\/\/associationmarinatsvetaeva.com\/wp-content\/uploads\/2022\/05\/photos-psectacles-gerards-daubanes-768x576.jpg 768w, https:\/\/associationmarinatsvetaeva.com\/wp-content\/uploads\/2022\/05\/photos-psectacles-gerards-daubanes-80x60.jpg 80w, https:\/\/associationmarinatsvetaeva.com\/wp-content\/uploads\/2022\/05\/photos-psectacles-gerards-daubanes.jpg 960w\" sizes=\"auto, (max-width: 300px) 100vw, 300px\" \/><\/figure><figure class=\"wp-block-image\">THEATRE \u00ab\u00a0NOUVEAU GARE AU THEATRE\u00a0\u00bb<\/figure><figure class=\"wp-block-image\">Vitry sur Seine<\/figure><figure class=\"wp-block-image\"><img alt=\"\" \/><p>\u00a0<\/p><div class=\"kvgmc6g5 cxmmr5t8 oygrvhab hcukyx3x c1et5uql\">Th\u00e9\u00e2tre, Histoires \u00e0 emporter<br \/>Jeudi 19 mai 2022 \u00e0 21h &#8211;\u00a0<br \/>\uff5e\uff5e<\/div><div class=\"kvgmc6g5 cxmmr5t8 oygrvhab hcukyx3x c1et5uql\">Avec Sylvie LE SECQ et G\u00e9rard DAUBANES<\/div><div class=\"kvgmc6g5 cxmmr5t8 oygrvhab hcukyx3x c1et5uql\"><br \/>A la lisi\u00e8re de formes po\u00e9tiques et narratives, Marina Tsvetaeva avec \u00ab Le Gars \u00bb, s\u2019inspire d\u2019un conte slave et questionne la relation amoureuse en s&rsquo;appropriant tr\u00e8s librement le r\u00e9cit traditionnel pour \u00e9crire une ode puissante et incandescente \u00e0 un amour conduisant \u00e0 la perdition. \u00ab La Dormeuse \u00bb, deuxi\u00e8me volet du texte, nous conte l\u2019histoire d\u2019une femme qui pr\u00e9f\u00e9ra perdre ses proches et sa vie plut\u00f4t que de perdre son amour. Renaissant sous la forme d\u2019une fleur puis d\u2019une femme, elle pose ses conditions pour s\u2019engager dans une vie nouvelle.<br \/>\u00ab\u00a0LE GARS\u00a0\u00bb, po\u00e8me-conte de Marina Tsvetaeva, est compos\u00e9 de deux parties. En 2016, nous avons pr\u00e9sent\u00e9 \u00e0 HAE, la premi\u00e8re partie : \u00ab La danseuse \u00bb. Cette ann\u00e9e, nous proposons de jouer la deuxi\u00e8me partie : \u00ab La dormeuse \u00bb. Pour r\u00e9citer ce texte, la forme musicale sera privil\u00e9gi\u00e9e.<\/div><div class=\"cxmmr5t8 oygrvhab hcukyx3x c1et5uql o9v6fnle\">\u27a4 Cie Koeko<br \/>Depuis 2003, la Compagnie Koeko d\u00e9veloppe une recherche th\u00e9\u00e2trale contemporaine o\u00f9 le conte, la danse et la musique se trouvent intimement li\u00e9s. Ses cr\u00e9ations s\u2019inspirent de litt\u00e9rature orale, de po\u00e9sie, de formes artistiques modernes (musique actuelle et danse contemporaine) et de techniques th\u00e9\u00e2trales et dans\u00e9es indienne (Kathak) et japonaise (but\u00f4). Leur travail tend \u00e0 cr\u00e9er sur sc\u00e8ne un espace magique o\u00f9 les mati\u00e8res artistiques prennent toute leur dimension po\u00e9tique.<\/div><div class=\"cxmmr5t8 oygrvhab hcukyx3x c1et5uql o9v6fnle\">\u00a0<\/div><div class=\"cxmmr5t8 oygrvhab hcukyx3x c1et5uql o9v6fnle\">\u00a0<\/div><\/figure><p><!-- \/wp:image --><\/p><p><!-- wp:image --><\/p><figure class=\"wp-block-image\"><img alt=\"\" \/><\/figure><p><!-- \/wp:image --><\/p><p><!-- wp:image --><\/p><figure class=\"wp-block-image\"><img alt=\"\" \/><\/figure><p><!-- \/wp:image --><\/p><p><!-- wp:image --><\/p><figure class=\"wp-block-image\"><img alt=\"\" \/><\/figure><p><!-- \/wp:image --><\/p><p><!-- wp:image --><\/p><figure class=\"wp-block-image\"><img alt=\"\" \/><\/figure><p><!-- \/wp:image --><\/p><p><!-- wp:gallery {\"linkTo\":\"none\"} --><\/p><figure class=\"wp-block-gallery has-nested-images columns-default is-cropped\"><\/figure><p><!-- \/wp:gallery --><\/p>\t\t\t\t\t\t<\/div>\n\t\t\t\t<\/div>\n\t\t\t\t\t<\/div>\n\t\t<\/div>\n\t\t\t\t\t\t\t<\/div>\n\t\t<\/section>\n\t\t\t\t\t\t\t<\/div>\n\t\t","protected":false},"excerpt":{"rendered":"","protected":false},"author":1,"featured_media":0,"parent":0,"menu_order":0,"comment_status":"closed","ping_status":"closed","template":"","meta":{"om_disable_all_campaigns":false,"_monsterinsights_skip_tracking":false,"_monsterinsights_sitenote_active":false,"_monsterinsights_sitenote_note":"","_monsterinsights_sitenote_category":0,"footnotes":""},"class_list":["post-393","page","type-page","status-publish","hentry","latest_post"],"_links":{"self":[{"href":"https:\/\/associationmarinatsvetaeva.com\/index.php?rest_route=\/wp\/v2\/pages\/393","targetHints":{"allow":["GET"]}}],"collection":[{"href":"https:\/\/associationmarinatsvetaeva.com\/index.php?rest_route=\/wp\/v2\/pages"}],"about":[{"href":"https:\/\/associationmarinatsvetaeva.com\/index.php?rest_route=\/wp\/v2\/types\/page"}],"author":[{"embeddable":true,"href":"https:\/\/associationmarinatsvetaeva.com\/index.php?rest_route=\/wp\/v2\/users\/1"}],"replies":[{"embeddable":true,"href":"https:\/\/associationmarinatsvetaeva.com\/index.php?rest_route=%2Fwp%2Fv2%2Fcomments&post=393"}],"version-history":[{"count":4,"href":"https:\/\/associationmarinatsvetaeva.com\/index.php?rest_route=\/wp\/v2\/pages\/393\/revisions"}],"predecessor-version":[{"id":430,"href":"https:\/\/associationmarinatsvetaeva.com\/index.php?rest_route=\/wp\/v2\/pages\/393\/revisions\/430"}],"wp:attachment":[{"href":"https:\/\/associationmarinatsvetaeva.com\/index.php?rest_route=%2Fwp%2Fv2%2Fmedia&parent=393"}],"curies":[{"name":"wp","href":"https:\/\/api.w.org\/{rel}","templated":true}]}}