{"id":369,"date":"2022-05-11T12:00:40","date_gmt":"2022-05-11T10:00:40","guid":{"rendered":"https:\/\/associationmarinatsvetaeva.com\/?page_id=369"},"modified":"2023-11-27T20:34:28","modified_gmt":"2023-11-27T18:34:28","slug":"historique","status":"publish","type":"page","link":"https:\/\/associationmarinatsvetaeva.com\/?page_id=369","title":{"rendered":"Historique de l&rsquo;association"},"content":{"rendered":"\t\t<div data-elementor-type=\"wp-page\" data-elementor-id=\"369\" class=\"elementor elementor-369\">\n\t\t\t\t\t\t\t\t\t<section class=\"elementor-section elementor-top-section elementor-element elementor-element-51fa9dad elementor-section-boxed elementor-section-height-default elementor-section-height-default\" data-id=\"51fa9dad\" data-element_type=\"section\">\n\t\t\t\t\t\t<div class=\"elementor-container elementor-column-gap-default\">\n\t\t\t\t\t<div class=\"elementor-column elementor-col-100 elementor-top-column elementor-element elementor-element-5f49f294\" data-id=\"5f49f294\" data-element_type=\"column\">\n\t\t\t<div class=\"elementor-widget-wrap elementor-element-populated\">\n\t\t\t\t\t\t\t\t<div class=\"elementor-element elementor-element-5ecea6c7 elementor-widget elementor-widget-text-editor\" data-id=\"5ecea6c7\" data-element_type=\"widget\" data-widget_type=\"text-editor.default\">\n\t\t\t\t<div class=\"elementor-widget-container\">\n\t\t\t<style>\/*! elementor - v3.6.2 - 04-04-2022 *\/\n.elementor-widget-text-editor.elementor-drop-cap-view-stacked .elementor-drop-cap{background-color:#818a91;color:#fff}.elementor-widget-text-editor.elementor-drop-cap-view-framed .elementor-drop-cap{color:#818a91;border:3px solid;background-color:transparent}.elementor-widget-text-editor:not(.elementor-drop-cap-view-default) .elementor-drop-cap{margin-top:8px}.elementor-widget-text-editor:not(.elementor-drop-cap-view-default) .elementor-drop-cap-letter{width:1em;height:1em}.elementor-widget-text-editor .elementor-drop-cap{float:left;text-align:center;line-height:1;font-size:50px}.elementor-widget-text-editor .elementor-drop-cap-letter{display:inline-block}<\/style>\t\t\t\t<p><!-- wp:paragraph --><\/p>\n<p>2009\u00a0: Aleksandra Svinina r\u00e9alise le documentaire \u00c9l\u00e9gie de Paris sur la p\u00e9riode parisienne de la vie de Marina Tsvetaeva.<\/p>\n<p>2010: Ann\u00e9e de la Russie en France. Bernard Gauducheau, maire de Vanves, inaugure la plaque comm\u00e9morative en l\u2019honneur de Marina Tsvetaeva en pr\u00e9sence de V\u00e9ronique Lossky, Lev Mnouchine, Tzvetan Todorov et Aleksandra Svinina.\u00a0\u00a0<\/p>\n<p>2016\u00a0: Wladimir Vostrikov, petit-fils des anciens locataires de la villa Jeanne fait don de la table d\u2019\u00e9criture de Marina Tsvetaeva \u00e0 la maison-mus\u00e9e Tsvetaeva, \u00e0 Moscou.\u00a0<\/p>\n<p>4 juillet 2017\u00a0: L\u2019association Marina Tsvetaeva. \u00c9toiles-Averse est cr\u00e9\u00e9e par Florent Delporte, Aleksandra Svinina et Maja de Lacoste.<\/p>\n<p>16-17 septembre 2017\u00a0: L\u2019appartement de Vanves ouvre ses portes pour la premi\u00e8re fois aux Journ\u00e9es du Patrimoine.\u00a0\u00a0<\/p>\n<p>Juin 2018\u00a0: une banquette-coffre qui avait appartenu \u00e0 Tsvetaeva est offerte \u00e0 l\u2019appartement de Vanves.<\/p>\n<p>2018 : V\u00e9ronique Lossky, sp\u00e9cialiste de Marina Tsvetaeva et pr\u00e9sidente d&rsquo;honneur de l&rsquo;association, l\u00e8gue sa biblioth\u00e8que sur Tsvetaeva et ses archives \u00e0 l&rsquo;appartement du 65 rue Jean-Baptiste Potin.<\/p>\n<p>Depuis 2017, l&rsquo;appartement Tsvetaeva du 65 rue Jean-Baptiste Potin devient un lieu de rencontres po\u00e9tiques et artistiques.<\/p>\n<p><!-- \/wp:paragraph --><\/p>\n<p><!-- wp:image {\"id\":312,\"sizeSlug\":\"large\",\"linkDestination\":\"none\"} --><\/p>\n<figure class=\"wp-block-image size-large\"><img loading=\"lazy\" decoding=\"async\" width=\"1024\" height=\"576\" class=\"wp-image-312\" src=\"http:\/\/associationmarinatsvetaeva.com\/wp-content\/uploads\/2022\/04\/MARINA-ET-LEXIL-1024x576.jpg\" alt=\"\" srcset=\"https:\/\/associationmarinatsvetaeva.com\/wp-content\/uploads\/2022\/04\/MARINA-ET-LEXIL-1024x576.jpg 1024w, https:\/\/associationmarinatsvetaeva.com\/wp-content\/uploads\/2022\/04\/MARINA-ET-LEXIL-300x169.jpg 300w, https:\/\/associationmarinatsvetaeva.com\/wp-content\/uploads\/2022\/04\/MARINA-ET-LEXIL-768x432.jpg 768w, https:\/\/associationmarinatsvetaeva.com\/wp-content\/uploads\/2022\/04\/MARINA-ET-LEXIL.jpg 1280w\" sizes=\"auto, (max-width: 1024px) 100vw, 1024px\" \/><\/figure>\n<p><!-- \/wp:image --><\/p>\t\t\t\t\t\t<\/div>\n\t\t\t\t<\/div>\n\t\t\t\t\t<\/div>\n\t\t<\/div>\n\t\t\t\t\t\t\t<\/div>\n\t\t<\/section>\n\t\t\t\t\t\t\t<\/div>\n\t\t","protected":false},"excerpt":{"rendered":"<p>2009\u00a0: Aleksandra Svinina r\u00e9alise le documentaire \u00c9l\u00e9gie de Paris sur la p\u00e9riode parisienne de la vie de Marina Tsvetaeva. 2010: Ann\u00e9e de la Russie en &hellip; <\/p>\n","protected":false},"author":1,"featured_media":0,"parent":0,"menu_order":0,"comment_status":"closed","ping_status":"closed","template":"","meta":{"om_disable_all_campaigns":false,"_monsterinsights_skip_tracking":false,"_monsterinsights_sitenote_active":false,"_monsterinsights_sitenote_note":"","_monsterinsights_sitenote_category":0,"footnotes":""},"class_list":["post-369","page","type-page","status-publish","hentry","latest_post"],"_links":{"self":[{"href":"https:\/\/associationmarinatsvetaeva.com\/index.php?rest_route=\/wp\/v2\/pages\/369","targetHints":{"allow":["GET"]}}],"collection":[{"href":"https:\/\/associationmarinatsvetaeva.com\/index.php?rest_route=\/wp\/v2\/pages"}],"about":[{"href":"https:\/\/associationmarinatsvetaeva.com\/index.php?rest_route=\/wp\/v2\/types\/page"}],"author":[{"embeddable":true,"href":"https:\/\/associationmarinatsvetaeva.com\/index.php?rest_route=\/wp\/v2\/users\/1"}],"replies":[{"embeddable":true,"href":"https:\/\/associationmarinatsvetaeva.com\/index.php?rest_route=%2Fwp%2Fv2%2Fcomments&post=369"}],"version-history":[{"count":13,"href":"https:\/\/associationmarinatsvetaeva.com\/index.php?rest_route=\/wp\/v2\/pages\/369\/revisions"}],"predecessor-version":[{"id":923,"href":"https:\/\/associationmarinatsvetaeva.com\/index.php?rest_route=\/wp\/v2\/pages\/369\/revisions\/923"}],"wp:attachment":[{"href":"https:\/\/associationmarinatsvetaeva.com\/index.php?rest_route=%2Fwp%2Fv2%2Fmedia&parent=369"}],"curies":[{"name":"wp","href":"https:\/\/api.w.org\/{rel}","templated":true}]}}